{"id":121,"date":"2017-01-26T21:33:07","date_gmt":"2017-01-26T20:33:07","guid":{"rendered":"http:\/\/chrs.cieq.ca\/?page_id=121"},"modified":"2022-02-04T11:49:47","modified_gmt":"2022-02-04T15:49:47","slug":"louise-bienvenue","status":"publish","type":"page","link":"https:\/\/chrs-test.uqam.ca\/index.php\/a-propos\/equipe\/membres-reguliers\/louise-bienvenue\/","title":{"rendered":"Louise Bienvenue"},"content":{"rendered":"<div class=\"su-row\"><div class=\"su-column su-column-size-1-5\"><div class=\"su-column-inner su-u-clearfix su-u-trim\"><img loading=\"lazy\" decoding=\"async\" class=\"alignleft size-thumbnail\" src=\"https:\/\/chrs-test.uqam.ca\/wp-content\/uploads\/2020\/05\/Louise_bienvenue_mai2020.png\" width=\"125\" height=\"156\"><\/div><\/div>\n<div class=\"su-column su-column-size-4-5\"><div class=\"su-column-inner su-u-clearfix su-u-trim\">2003 &#8211; Actuel<\/p>\n<p><strong>Professeure titulaire, Universit\u00e9 de Sherbrooke<br \/>\nD\u00e9partement d&rsquo;histoire<\/strong><\/div><\/div><\/div>\n<p>Louise Bienvenue est professeure titulaire au D\u00e9partement d&rsquo;histoire de l&rsquo;Universit\u00e9 de Sherbrooke. Son enseignement aux 3 cycles universitaires couvre plusieurs th\u00e9matiques&nbsp;: histoire de l\u2019\u00e9ducation, des identit\u00e9s, des femmes et du genre et des \u00e2ges de la vie.&nbsp;Elle est une des rares sp\u00e9cialistes qu\u00e9b\u00e9coises de l&rsquo;histoire de la jeunesse. Son livre <em>Quand la jeunesse entre en sc\u00e8ne<\/em> s\u2019est m\u00e9rit\u00e9 le prestigieux prix Michel Brunet de l\u2019Institut d&rsquo;histoire de l&rsquo;Am\u00e9rique fran\u00e7aise (IHAF). Elle apporte \u00e0 l\u2019\u00e9quipe sa grande connaissance des modes de r\u00e9gulation de la jeunesse au 20e si\u00e8cle.<\/p>\n<p><strong><a href=\"https:\/\/chrs-test.uqam.ca\/index.php\/recherche\/realisations\/publications\/?tgid=&amp;yr=&amp;type=&amp;usr=&amp;auth=315#tppubs\" target=\"_blank\" rel=\"noopener\">Liste des publications<\/a><\/strong><\/p>\n<div class=\"su-spoiler su-spoiler-style-default su-spoiler-icon-chevron su-spoiler-closed\" data-scroll-offset=\"0\" data-anchor-in-url=\"no\"><div class=\"su-spoiler-title\" tabindex=\"0\" role=\"button\"><span class=\"su-spoiler-icon\"><\/span>Coordonn\u00e9es<\/div><div class=\"su-spoiler-content su-u-clearfix su-u-trim\">\n<strong>Adresse :<\/strong><br \/>\nUniversit\u00e9 de Sherbrooke<br \/>\nD\u00e9partement d&rsquo;histoire et de sciences politiques<br \/>\nFacult\u00e9 des lettres et sciences humaines<br \/>\nBureau A5-516<br \/>\nSherbrooke, Qu\u00e9bec<br \/>\nJ1K 2R1<\/p>\n<p><strong>T\u00e9l\u00e9phone : <\/strong><br \/>\n(819) 821-8000 poste 63211<\/p>\n<p><strong>T\u00e9l\u00e9copieur : <\/strong><br \/>\n(819) 821-7909<\/p>\n<p><strong>Courriel : <\/strong><br \/>\nlouise.bienvenue@USherbrooke.ca<\/div><\/div>\n<div class=\"su-spoiler su-spoiler-style-default su-spoiler-icon-chevron su-spoiler-closed\" data-scroll-offset=\"0\" data-anchor-in-url=\"no\"><div class=\"su-spoiler-title\" tabindex=\"0\" role=\"button\"><span class=\"su-spoiler-icon\"><\/span>Liens<\/div><div class=\"su-spoiler-content su-u-clearfix su-u-trim\">\n<a href=\"https:\/\/www.usherbrooke.ca\/histoire\/nous-joindre\/personnel-enseignant\/bienvenue-louise\/#c22369\" target=\"_blank\" rel=\"noopener\">Page personnelle de Louise Bienvenue sur le site du d\u00e9partement d&rsquo;histoire de l&rsquo;Universit\u00e9 de Sherbrooke<\/a><br \/>\n<a href=\"https:\/\/chrs-test.uqam.ca\/index.php\/recherche\/realisations\/publications\/?tgid=&amp;yr=&amp;type=&amp;usr=&amp;auth=315#tppubs\" target=\"_blank\" rel=\"noopener\">Liste des publications de Louise Bienvenue<\/a><br \/>\n<\/div><\/div>\n<div class=\"su-spoiler su-spoiler-style-default su-spoiler-icon-chevron su-spoiler-closed\" data-scroll-offset=\"0\" data-anchor-in-url=\"no\"><div class=\"su-spoiler-title\" tabindex=\"0\" role=\"button\"><span class=\"su-spoiler-icon\"><\/span>Projets de recherche<\/div><div class=\"su-spoiler-content su-u-clearfix su-u-trim\">\n<ul>\n<li><a href=\"https:\/\/chrs-test.uqam.ca\/index.php\/regulations-sociales-et-familiales-dans-lhistoire-des-problemes-sociaux-au-quebec\/\">R\u00e9gulations sociales et familiales dans l&rsquo;histoire des probl\u00e8mes sociaux au Qu\u00e9bec<\/a><\/li>\n<li>Marie-Claire Daveluy (1880-1968) : une historienne dans la cit\u00e9<\/li>\n<li><a href=\"\/index.php\/recherche\/realisations\/projets-de-recherche-en-cours\/le-gouvernement-de-la-misere\/\" target=\"_blank\" rel=\"noopener\">Le gouvernement de la mis\u00e8re et la citoyennet\u00e9 : pauvret\u00e9, maladie et crime dans l&rsquo;histoire du Qu\u00e9bec<\/a><\/li>\n<li><a href=\"\/index.php\/recherche\/realisations\/projets-de-recherche-en-cours\/memoire-de-mauvais-garcons\/\" target=\"_blank\" rel=\"noopener\">M\u00e9moire de mauvais gar\u00e7ons. Une enqu\u00eate d&rsquo;histoire orale aupr\u00e8s des anciens de Boscoville (1942-1997)<\/a><\/li>\n<li><a href=\"\/index.php\/recherche\/realisations\/projets-de-recherche-termines\/la-mise-en-place-et-les-mutations-du-reseau-montrealais-de-regulation-sociale\/\" target=\"_blank\" rel=\"noopener\">La mise en place et les mutations du r\u00e9seau montr\u00e9alais de r\u00e9gulation sociale, de l\u2019\u00e8re lib\u00e9rale \u00e0 l\u2019\u00c9tat providence<\/a><\/li>\n<li><a href=\"\/index.php\/recherche\/realisations\/projets-de-recherche-termines\/regulation-sociale-et-institutions-a-montreal\/\" target=\"_blank\" rel=\"noopener\">R\u00e9gulation sociale et institutions \u00e0 Montr\u00e9al, 1840-1921<\/a><\/li>\n<li><a href=\"\/index.php\/recherche\/realisations\/projets-de-recherche-en-cours\/pratiques-de-gestion-et-discours-sur-leconomie\/\" target=\"_blank\" rel=\"noopener\">Pratiques de gestion et discours sur l&rsquo;\u00e9conomie. Les coll\u00e8ges qu\u00e9b\u00e9cois dans la transition au capitalisme<\/a><\/li>\n<li><a href=\"\/index.php\/recherche\/realisations\/projets-de-recherche-termines\/gestion-des-risques-sociaux-et-reponses-aux-vulnerabilites\/\" target=\"_blank\" rel=\"noopener\">Gestion des risques sociaux et r\u00e9ponses aux vuln\u00e9rabilit\u00e9s et probl\u00e8mes sociaux au Qu\u00e9bec, 19e et 20e si\u00e8cles<\/a><br \/>\n<\/div><\/div><\/li>\n<\/ul>\n<div class=\"su-spoiler su-spoiler-style-default su-spoiler-icon-chevron su-spoiler-closed\" data-scroll-offset=\"0\" data-anchor-in-url=\"no\"><div class=\"su-spoiler-title\" tabindex=\"0\" role=\"button\"><span class=\"su-spoiler-icon\"><\/span>Bourses, prix et distinctions<\/div><div class=\"su-spoiler-content su-u-clearfix su-u-trim\">\n<ul>\n<li style=\"list-style-type: none;\">\n<ul>\n<li class=\"p1\"><span class=\"s1\">Prix Hilda-Neatby Article de langue fran\u00e7aise, 2016<\/span><\/li>\n<\/ul>\n<\/li>\n<\/ul>\n<ul>\n<li style=\"list-style-type: none;\">\n<ul>\n<li class=\"p1\"><span class=\"s1\">Prix Raymond-Klibansky de la&nbsp;F\u00e9d\u00e9ration canadienne des sciences humaines, 2003-2004<\/span><\/li>\n<\/ul>\n<\/li>\n<\/ul>\n<ul>\n<li style=\"list-style-type: none;\">\n<ul>\n<li class=\"p1\"><span class=\"s1\">Finaliste Prix Alphonse-Desjardins de l&rsquo;Association des auteurs des Cantons-de l\u2019Est 2003<\/span><\/li>\n<\/ul>\n<\/li>\n<\/ul>\n<ul>\n<li style=\"list-style-type: none;\">\n<ul>\n<li class=\"p1\"><span class=\"s1\">Prix Michel-Brunet pour le meilleur ouvrage publi\u00e9 en histoire, moins 35 ans, 2003<\/span><\/li>\n<\/ul>\n<\/li>\n<\/ul>\n<ul>\n<li class=\"p1\"><span class=\"s1\">Bourse postdoctorale &#8211; La jeunesse qu\u00e9b\u00e9coise entre les mains de ses nouveaux experts1945-1975,&nbsp;Fondation du Pr\u00eat d\u2019Honneur (Mtl, QC), 2000-2003<\/span><\/li>\n<\/ul>\n<\/div><\/div>\n<div class=\"su-spoiler su-spoiler-style-default su-spoiler-icon-chevron\" data-scroll-offset=\"0\" data-anchor-in-url=\"no\"><div class=\"su-spoiler-title\" tabindex=\"0\" role=\"button\"><span class=\"su-spoiler-icon\"><\/span>Nouvelles<\/div><div class=\"su-spoiler-content su-u-clearfix su-u-trim\">\n[chrs-related]\n<\/div><\/div>\n","protected":false},"excerpt":{"rendered":"<p>Louise Bienvenue est professeure titulaire au D\u00e9partement d&rsquo;histoire de l&rsquo;Universit\u00e9 de Sherbrooke. Son enseignement aux 3 cycles universitaires couvre plusieurs th\u00e9matiques&nbsp;: histoire de l\u2019\u00e9ducation, des identit\u00e9s, des femmes et du&#8230;<\/p>\n","protected":false},"author":2,"featured_media":0,"parent":65,"menu_order":1,"comment_status":"closed","ping_status":"closed","template":"","meta":{"_monsterinsights_skip_tracking":false,"_monsterinsights_sitenote_active":false,"_monsterinsights_sitenote_note":"","_monsterinsights_sitenote_category":0,"footnotes":""},"class_list":["post-121","page","type-page","status-publish","hentry"],"_links":{"self":[{"href":"https:\/\/chrs-test.uqam.ca\/index.php\/wp-json\/wp\/v2\/pages\/121","targetHints":{"allow":["GET"]}}],"collection":[{"href":"https:\/\/chrs-test.uqam.ca\/index.php\/wp-json\/wp\/v2\/pages"}],"about":[{"href":"https:\/\/chrs-test.uqam.ca\/index.php\/wp-json\/wp\/v2\/types\/page"}],"author":[{"embeddable":true,"href":"https:\/\/chrs-test.uqam.ca\/index.php\/wp-json\/wp\/v2\/users\/2"}],"replies":[{"embeddable":true,"href":"https:\/\/chrs-test.uqam.ca\/index.php\/wp-json\/wp\/v2\/comments?post=121"}],"version-history":[{"count":0,"href":"https:\/\/chrs-test.uqam.ca\/index.php\/wp-json\/wp\/v2\/pages\/121\/revisions"}],"up":[{"embeddable":true,"href":"https:\/\/chrs-test.uqam.ca\/index.php\/wp-json\/wp\/v2\/pages\/65"}],"wp:attachment":[{"href":"https:\/\/chrs-test.uqam.ca\/index.php\/wp-json\/wp\/v2\/media?parent=121"}],"curies":[{"name":"wp","href":"https:\/\/api.w.org\/{rel}","templated":true}]}}