{"id":1221,"date":"2017-02-18T06:43:20","date_gmt":"2017-02-18T05:43:20","guid":{"rendered":"http:\/\/chrs.cieq.ca\/?page_id=1221"},"modified":"2017-05-03T13:48:21","modified_gmt":"2017-05-03T17:48:21","slug":"une-economie-de-la-rarete","status":"publish","type":"page","link":"https:\/\/chrs-test.uqam.ca\/index.php\/recherche\/realisations\/projets-de-recherche-termines\/une-economie-de-la-rarete\/","title":{"rendered":"Une \u00e9conomie de la raret\u00e9 : la r\u00e9gulation sociale de la pauvret\u00e9 \u00e0 Montr\u00e9al, 1840-1921. R\u00e9ponses caritatives et populaires \u00e0 la vuln\u00e9rabilit\u00e9 sociale"},"content":{"rendered":"<p>&nbsp;<\/p>\n<h4>Organisme(s) subventionnaire(s)<\/h4>\n<p>Conseil de recherches en sciences humaines du Canada (CRSH)<\/p>\n<h4>Ann\u00e9es<\/h4>\n<p>2006-2009<\/p>\n<h4>Chercheur(s) CHRS<\/h4>\n<div class=\"su-row\"><div class=\"su-column su-column-size-1-3\"><div class=\"su-column-inner su-u-clearfix su-u-trim\">\n<a href=\"\/index.php\/a-propos\/equipe\/membres-reguliers\/jean-marie-fecteau\/\" target=\"_blank\">Jean-Marie Fecteau\u2020<\/a><br \/>\n<a href=\"\/index.php\/a-propos\/equipe\/chercheurs-affilies\/thierry-nootens\/\" target=\"_blank\">Thierry Nootens<\/a><br \/>\n<\/div><\/div>\n<div class=\"su-column su-column-size-1-3\"><div class=\"su-column-inner su-u-clearfix su-u-trim\">\n<a href=\"\/index.php\/a-propos\/equipe\/membres-reguliers\/janice-harvey\/\" target=\"_blank\">Janice Harvey<\/a><br \/>\n<\/div><\/div>\n<div class=\"su-column su-column-size-1-3\"><div class=\"su-column-inner su-u-clearfix su-u-trim\"><\/div><\/div>\n<a href=\"\/index.php\/a-propos\/equipe\/membres-reguliers\/martin-petitclerc\/\" target=\"_blank\">Martin Petitclerc<\/a><br \/>\n<\/div>\n<p>&nbsp;<\/p>\n<p>Cette recherche avait pour but d'analyser les diff\u00e9rentes r\u00e9ponses au probl\u00e8me de la pauvret\u00e9 \u00e0 Montr\u00e9al, depuis l'Acte d'Union en 1840 jusqu'\u00e0 la loi de l'assistance publique qu\u00e9b\u00e9coise de 1921. Ces r\u00e9ponses sont \u00e9videmment tr\u00e8s vari\u00e9es, allant des projets charitables de l'\u00e9lite la\u00efque ou religieuse aux strat\u00e9gies populaires de survie. L'hypoth\u00e8se de base avanc\u00e9e par notre \u00e9quipe \u00e9tait que la pauvret\u00e9 structurelle, les initiatives populaires pour la pallier, les modes d'assistance qui veulent y r\u00e9pondre, rel\u00e8vent tous d'une \u00e9conomie de la gestion des risques sociaux sp\u00e9cifiques au mode de r\u00e9gulation lib\u00e9rale qui se met graduellement en place en Occident au cours de ces ann\u00e9es.<\/p>\n","protected":false},"excerpt":{"rendered":"<p>&nbsp; Organisme(s) subventionnaire(s) Conseil de recherches en sciences humaines du Canada (CRSH) Ann\u00e9es 2006-2009 Chercheur(s) CHRS &nbsp; Cette recherche avait pour but d&rsquo;analyser les diff\u00e9rentes r\u00e9ponses au probl\u00e8me de la&#8230;<\/p>\n","protected":false},"author":2,"featured_media":0,"parent":52,"menu_order":0,"comment_status":"closed","ping_status":"closed","template":"","meta":{"_monsterinsights_skip_tracking":false,"_monsterinsights_sitenote_active":false,"_monsterinsights_sitenote_note":"","_monsterinsights_sitenote_category":0,"footnotes":""},"class_list":["post-1221","page","type-page","status-publish","hentry"],"_links":{"self":[{"href":"https:\/\/chrs-test.uqam.ca\/index.php\/wp-json\/wp\/v2\/pages\/1221","targetHints":{"allow":["GET"]}}],"collection":[{"href":"https:\/\/chrs-test.uqam.ca\/index.php\/wp-json\/wp\/v2\/pages"}],"about":[{"href":"https:\/\/chrs-test.uqam.ca\/index.php\/wp-json\/wp\/v2\/types\/page"}],"author":[{"embeddable":true,"href":"https:\/\/chrs-test.uqam.ca\/index.php\/wp-json\/wp\/v2\/users\/2"}],"replies":[{"embeddable":true,"href":"https:\/\/chrs-test.uqam.ca\/index.php\/wp-json\/wp\/v2\/comments?post=1221"}],"version-history":[{"count":0,"href":"https:\/\/chrs-test.uqam.ca\/index.php\/wp-json\/wp\/v2\/pages\/1221\/revisions"}],"up":[{"embeddable":true,"href":"https:\/\/chrs-test.uqam.ca\/index.php\/wp-json\/wp\/v2\/pages\/52"}],"wp:attachment":[{"href":"https:\/\/chrs-test.uqam.ca\/index.php\/wp-json\/wp\/v2\/media?parent=1221"}],"curies":[{"name":"wp","href":"https:\/\/api.w.org\/{rel}","templated":true}]}}