{"id":155,"date":"2017-01-26T22:29:42","date_gmt":"2017-01-26T21:29:42","guid":{"rendered":"http:\/\/chrs.cieq.ca\/?page_id=155"},"modified":"2022-02-04T11:53:09","modified_gmt":"2022-02-04T15:53:09","slug":"donald-fyson","status":"publish","type":"page","link":"https:\/\/chrs-test.uqam.ca\/index.php\/a-propos\/equipe\/membres-reguliers\/donald-fyson\/","title":{"rendered":"Donald Fyson"},"content":{"rendered":"<div class=\"su-row\"><div class=\"su-column su-column-size-1-5\"><div class=\"su-column-inner su-u-clearfix su-u-trim\"><img loading=\"lazy\" decoding=\"async\" class=\"alignleft size-full wp-image-156\" src=\"\/wp-content\/uploads\/2017\/01\/Fyson_site.jpeg\" alt=\"\" width=\"121\" height=\"140\" \/><\/div><\/div>\n<div class=\"su-column su-column-size-4-5\"><div class=\"su-column-inner su-u-clearfix su-u-trim\">2012 &#8211; Actuel<\/p>\n<p><strong>Professeur titulaire, Universit\u00e9 Laval<br \/>\nD\u00e9partement des sciences historiques<\/strong><\/div><\/div><\/div>\n<p>Donald Fyson est professeur titulaire au D\u00e9partement des sciences historiques de l&rsquo;Universit\u00e9 Laval. Il est sp\u00e9cialiste de l&rsquo;histoire du Qu\u00e9bec aux XVIIIe, XIXe et XXe si\u00e8cles, notamment dans le domaine de l&rsquo;histoire sociopolitique. Il s&rsquo;int\u00e9resse en particulier aux rapports entre \u00c9tat, droit et soci\u00e9t\u00e9 et plus particuli\u00e8rement \u00e0 la justice criminelle et civile, la police et l&rsquo;administration locale. Ces th\u00e8mes sont d\u00e9velopp\u00e9s dans plusieurs articles et un livre, Magistrates, Police, and People: Everyday Criminal Justice in Quebec and Lower Canada, 1764-1837 (2006) dont la traduction r\u00e9vis\u00e9e a \u00e9t\u00e9 publi\u00e9e chez Hurtubise (2010). Donald Fyson est \u00e9galement sp\u00e9cialiste des applications informatiques en histoire (bases de donn\u00e9es, num\u00e9risation des sources, etc.) et des m\u00e9thodologies de la recherche historique (critique des sources, m\u00e9thodes quantitatives et qualitatives, prosopographie, etc.). Il m\u00e8ne actuellement des recherches sur les effets juridiques et sociaux de la conqu\u00eate britannique du Qu\u00e9bec, sur la justice p\u00e9nale \u00e0 Qu\u00e9bec de 1760 \u00e0 1965, sur la peine capitale au Qu\u00e9bec de 1760 \u00e0 1965 et sur la violence interpersonnelle au Qu\u00e9bec \/ Bas-Canada.<\/p>\n<p><strong><a href=\"https:\/\/chrs-test.uqam.ca\/index.php\/recherche\/realisations\/publications\/?tgid=&amp;yr=&amp;type=&amp;usr=&amp;auth=8#tppubs\" target=\"_blank\" rel=\"noopener\">Liste des publications<\/a><\/strong><\/p>\n<div class=\"su-spoiler su-spoiler-style-default su-spoiler-icon-chevron su-spoiler-closed\" data-scroll-offset=\"0\" data-anchor-in-url=\"no\"><div class=\"su-spoiler-title\" tabindex=\"0\" role=\"button\"><span class=\"su-spoiler-icon\"><\/span>Coordonn\u00e9es<\/div><div class=\"su-spoiler-content su-u-clearfix su-u-trim\">\n<strong>Courriel : <\/strong><br \/>\ndonald.fyson@hst.ulaval.ca<\/div><\/div>\n<div class=\"su-spoiler su-spoiler-style-default su-spoiler-icon-chevron su-spoiler-closed\" data-scroll-offset=\"0\" data-anchor-in-url=\"no\"><div class=\"su-spoiler-title\" tabindex=\"0\" role=\"button\"><span class=\"su-spoiler-icon\"><\/span>Liens<\/div><div class=\"su-spoiler-content su-u-clearfix su-u-trim\">\n<a href=\"https:\/\/chrs-test.uqam.ca\/wp-content\/uploads\/2019\/01\/Fyson_Donald.pdf\">CV de Donald Fyson<\/a><br \/>\n<a href=\"http:\/\/www.hst.ulaval.ca\/le-departement\/personnel\/professeurs\/histoire\/fyson-donald\/\">Page sur le site du d\u00e9partement d&rsquo;histoire de l&rsquo;Universit\u00e9 Laval<br \/>\n<\/a><a href=\"\/index.php\/recherche\/realisations\/publications\/?tgid=&amp;yr=&amp;type=&amp;usr=&amp;auth=8#tppubs\">Liste des publications de Donald Fyson<\/a><br \/>\n<\/div><\/div>\n<div class=\"su-spoiler su-spoiler-style-default su-spoiler-icon-chevron su-spoiler-closed\" data-scroll-offset=\"0\" data-anchor-in-url=\"no\"><div class=\"su-spoiler-title\" tabindex=\"0\" role=\"button\"><span class=\"su-spoiler-icon\"><\/span>Projets de recherche<\/div><div class=\"su-spoiler-content su-u-clearfix su-u-trim\">\n<a href=\"https:\/\/chrs-test.uqam.ca\/index.php\/regulations-sociales-et-familiales-dans-lhistoire-des-problemes-sociaux-au-quebec\/\">R\u00e9gulations sociales et familiales dans l&rsquo;histoire des probl\u00e8mes sociaux au Qu\u00e9bec<\/a><br \/>\n<a href=\"\/index.php\/recherche\/realisations\/projets-de-recherche-en-cours\/le-gouvernement-de-la-misere\/\" target=\"_blank\" rel=\"noopener\">Le gouvernement de la mis\u00e8re et la citoyennet\u00e9 : pauvret\u00e9, maladie et crime dans l&rsquo;histoire du Qu\u00e9bec<\/a><br \/>\n<a href=\"\/index.php\/recherche\/realisations\/projets-de-recherche-en-cours\/familles-droit-et-justice-au-quebec\/\" target=\"_blank\" rel=\"noopener\">Familles, droit et justice au Qu\u00e9bec, 1840-1920<\/a><br \/>\n<\/div><\/div>\n<div class=\"su-spoiler su-spoiler-style-default su-spoiler-icon-chevron su-spoiler-closed\" data-scroll-offset=\"0\" data-anchor-in-url=\"no\"><div class=\"su-spoiler-title\" tabindex=\"0\" role=\"button\"><span class=\"su-spoiler-icon\"><\/span>Bourses, prix et distinctions<\/div><div class=\"su-spoiler-content su-u-clearfix su-u-trim\">\n<ul>\n<li>2012 : finaliste, Prix du Canada en sciences sociales (meilleur ouvrage subventionn\u00e9 par la F\u00e9d\u00e9ration canadienne des sciences humaines)<\/li>\n<li>Prix Lionel-Groulx Fondation Yves-Saint-Germain de l&rsquo;Institut d&rsquo;histoire de l&rsquo;Am\u00e9rique fran\u00e7aise 2007<\/li>\n<li>Prix Clio de la Soci\u00e9t\u00e9 historique du Canada 2007\u00a0(meilleur livre en histoire du Qu\u00e9bec)<\/li>\n<li>Prix du meilleur livre, Association canadienne Droit et soci\u00e9t\u00e9 2007 (meilleur livre canadien en histoire socio-juridique)<\/li>\n<li>Prix Clio de la Soci\u00e9t\u00e9 historique du Canada 2001 (meilleur livre en histoire du Qu\u00e9bec)<br \/>\n<\/div><\/div><\/li>\n<\/ul>\n<div class=\"su-spoiler su-spoiler-style-default su-spoiler-icon-chevron\" data-scroll-offset=\"0\" data-anchor-in-url=\"no\"><div class=\"su-spoiler-title\" tabindex=\"0\" role=\"button\"><span class=\"su-spoiler-icon\"><\/span>Nouvelles<\/div><div class=\"su-spoiler-content su-u-clearfix su-u-trim\">\n[chrs-related]\n<\/div><\/div>\n","protected":false},"excerpt":{"rendered":"<p>Donald Fyson est professeur titulaire au D\u00e9partement des sciences historiques de l&rsquo;Universit\u00e9 Laval. Il est sp\u00e9cialiste de l&rsquo;histoire du Qu\u00e9bec aux XVIIIe, XIXe et XXe si\u00e8cles, notamment dans le domaine&#8230;<\/p>\n","protected":false},"author":2,"featured_media":0,"parent":65,"menu_order":5,"comment_status":"closed","ping_status":"closed","template":"","meta":{"_monsterinsights_skip_tracking":false,"_monsterinsights_sitenote_active":false,"_monsterinsights_sitenote_note":"","_monsterinsights_sitenote_category":0,"footnotes":""},"class_list":["post-155","page","type-page","status-publish","hentry"],"_links":{"self":[{"href":"https:\/\/chrs-test.uqam.ca\/index.php\/wp-json\/wp\/v2\/pages\/155","targetHints":{"allow":["GET"]}}],"collection":[{"href":"https:\/\/chrs-test.uqam.ca\/index.php\/wp-json\/wp\/v2\/pages"}],"about":[{"href":"https:\/\/chrs-test.uqam.ca\/index.php\/wp-json\/wp\/v2\/types\/page"}],"author":[{"embeddable":true,"href":"https:\/\/chrs-test.uqam.ca\/index.php\/wp-json\/wp\/v2\/users\/2"}],"replies":[{"embeddable":true,"href":"https:\/\/chrs-test.uqam.ca\/index.php\/wp-json\/wp\/v2\/comments?post=155"}],"version-history":[{"count":0,"href":"https:\/\/chrs-test.uqam.ca\/index.php\/wp-json\/wp\/v2\/pages\/155\/revisions"}],"up":[{"embeddable":true,"href":"https:\/\/chrs-test.uqam.ca\/index.php\/wp-json\/wp\/v2\/pages\/65"}],"wp:attachment":[{"href":"https:\/\/chrs-test.uqam.ca\/index.php\/wp-json\/wp\/v2\/media?parent=155"}],"curies":[{"name":"wp","href":"https:\/\/api.w.org\/{rel}","templated":true}]}}