{"id":164,"date":"2017-01-26T22:41:15","date_gmt":"2017-01-26T21:41:15","guid":{"rendered":"http:\/\/chrs.cieq.ca\/?page_id=164"},"modified":"2022-02-04T11:55:48","modified_gmt":"2022-02-04T15:55:48","slug":"francois-guerard","status":"publish","type":"page","link":"https:\/\/chrs-test.uqam.ca\/index.php\/a-propos\/equipe\/membres-reguliers\/francois-guerard\/","title":{"rendered":"Fran\u00e7ois Gu\u00e9rard"},"content":{"rendered":"<div class=\"su-row\"><div class=\"su-column su-column-size-1-5\"><div class=\"su-column-inner su-u-clearfix su-u-trim\"><img loading=\"lazy\" decoding=\"async\" class=\"alignleft size-thumbnail wp-image-167\" src=\"\/wp-content\/uploads\/2017\/01\/Photo_Guerard-150x150.jpeg\" alt=\"\" width=\"150\" height=\"150\" \/><\/div><\/div>\n<div class=\"su-column su-column-size-4-5\"><div class=\"su-column-inner su-u-clearfix su-u-trim\">2013 &#8211; Actuel<\/p>\n<p><strong>Professeur, Universit\u00e9 du Qu\u00e9bec \u00e0 Chicoutimi<br \/>\nD\u00e9partement des sciences humaines<\/strong><\/div><\/div><\/div>\n<p>Fran\u00e7ois Gu\u00e9rard est professeur associ\u00e9 au D\u00e9partements des sciences humaines \u00e0 l\u2019Universit\u00e9 du Qu\u00e9bec \u00e0 Chicoutimi, en plus d\u2019\u00eatre chercheur au Centre interuniversitaire d\u2019\u00e9tudes qu\u00e9b\u00e9coises (CIEQ). Il a obtenu son doctorat en histoire \u00e0 l\u2019Universit\u00e9 du Qu\u00e9bec \u00e0 Montr\u00e9al. Ses int\u00e9r\u00eats de recherche portent sur l\u2019histoire des syst\u00e8mes de sant\u00e9, des h\u00f4pitaux, de l\u2019hygi\u00e8ne publique, de l&rsquo;institutionnalisation de la vieillesse ainsi que des politiques et des pratiques sanitaires.<\/p>\n<p><strong><a href=\"https:\/\/chrs-test.uqam.ca\/index.php\/recherche\/realisations\/publications\/?tgid=&amp;yr=&amp;type=&amp;usr=&amp;auth=16#tppubs\" target=\"_blank\" rel=\"noopener\">Liste des publications<\/a><\/strong><\/p>\n<div class=\"su-spoiler su-spoiler-style-default su-spoiler-icon-chevron su-spoiler-closed\" data-scroll-offset=\"0\" data-anchor-in-url=\"no\"><div class=\"su-spoiler-title\" tabindex=\"0\" role=\"button\"><span class=\"su-spoiler-icon\"><\/span>Coordonn\u00e9es<\/div><div class=\"su-spoiler-content su-u-clearfix su-u-trim\">\n<strong>Adresse :<br \/>\n<\/strong>Local H5-1090<br \/>\nD\u00e9partement des sciences humaines<br \/>\nUniversit\u00e9 du Qu\u00e9bec \u00e0 Chicoutimi<br \/>\n555, boul. de l\u2019Universit\u00e9<br \/>\nChicoutimi, Qu\u00e9bec<br \/>\nG7H 2B1<\/p>\n<p><strong>T\u00e9l\u00e9phone : <\/strong><br \/>\n418 548-9749<\/p>\n<p><strong>Courriel : <\/strong><br \/>\nfrancois.guerard@uqac.ca<\/div><\/div>\n<div class=\"su-spoiler su-spoiler-style-default su-spoiler-icon-chevron su-spoiler-closed\" data-scroll-offset=\"0\" data-anchor-in-url=\"no\"><div class=\"su-spoiler-title\" tabindex=\"0\" role=\"button\"><span class=\"su-spoiler-icon\"><\/span>Liens<\/div><div class=\"su-spoiler-content su-u-clearfix su-u-trim\">\n<a href=\"https:\/\/repertoire.uqac.ca\/Fiche.aspx?id=LDE3ICAIQhw1&amp;link=1\" target=\"_blank\" rel=\"noopener\">Page personnelle de Fran\u00e7ois Gu\u00e9rard sur le site de l\u2019UQAC <\/a><br \/>\n<a href=\"\/index.php\/recherche\/realisations\/publications\/?tgid=&amp;yr=&amp;type=&amp;usr=&amp;auth=16#tppubs\">Liste des publications de Fran\u00e7ois Gu\u00e9rard<\/a><br \/>\n<\/div><\/div>\n<div class=\"su-spoiler su-spoiler-style-default su-spoiler-icon-chevron su-spoiler-closed\" data-scroll-offset=\"0\" data-anchor-in-url=\"no\"><div class=\"su-spoiler-title\" tabindex=\"0\" role=\"button\"><span class=\"su-spoiler-icon\"><\/span>Projets de recherche<\/div><div class=\"su-spoiler-content su-u-clearfix su-u-trim\">\n<ul>\n<li><a href=\"https:\/\/chrs-test.uqam.ca\/index.php\/entre-hospices-et-manoirs-de-lage-dor-le-bien-veillir-au-quebec-1921-1971\/\">Entre hospices et manoirs de l\u2019\u00e2ge d\u2019or : le bien vieillir au Qu\u00e9bec, 1921, 1971<\/a><\/li>\n<li><a href=\"\/index.php\/recherche\/realisations\/projets-de-recherche-termines\/analyse-historique-de-lacces-aux-services-hospitaliers-au-quebec\/\" target=\"_blank\" rel=\"noopener\">Analyse historique de l&rsquo;acc\u00e8s aux services hospitaliers au Qu\u00e9bec. Une g\u00e9n\u00e9alogie du droit \u00e0 la sant\u00e9<\/a><\/li>\n<li><a href=\"\/index.php\/recherche\/realisations\/projets-de-recherche-en-cours\/le-gouvernement-de-la-misere\/\" target=\"_blank\" rel=\"noopener\">Le gouvernement de la mis\u00e8re et la citoyennet\u00e9 : pauvret\u00e9, maladie et crime dans l&rsquo;histoire du Qu\u00e9bec<\/a><br \/>\n<\/div><\/div><\/li>\n<\/ul>\n<div class=\"su-spoiler su-spoiler-style-default su-spoiler-icon-chevron\" data-scroll-offset=\"0\" data-anchor-in-url=\"no\"><div class=\"su-spoiler-title\" tabindex=\"0\" role=\"button\"><span class=\"su-spoiler-icon\"><\/span>Nouvelles<\/div><div class=\"su-spoiler-content su-u-clearfix su-u-trim\">\n[chrs-related]\n<\/div><\/div>\n","protected":false},"excerpt":{"rendered":"<p>Fran\u00e7ois Gu\u00e9rard est professeur associ\u00e9 au D\u00e9partements des sciences humaines \u00e0 l\u2019Universit\u00e9 du Qu\u00e9bec \u00e0 Chicoutimi, en plus d\u2019\u00eatre chercheur au Centre interuniversitaire d\u2019\u00e9tudes qu\u00e9b\u00e9coises (CIEQ). Il a obtenu son&#8230;<\/p>\n","protected":false},"author":2,"featured_media":0,"parent":65,"menu_order":7,"comment_status":"closed","ping_status":"closed","template":"","meta":{"_monsterinsights_skip_tracking":false,"_monsterinsights_sitenote_active":false,"_monsterinsights_sitenote_note":"","_monsterinsights_sitenote_category":0,"footnotes":""},"class_list":["post-164","page","type-page","status-publish","hentry"],"_links":{"self":[{"href":"https:\/\/chrs-test.uqam.ca\/index.php\/wp-json\/wp\/v2\/pages\/164","targetHints":{"allow":["GET"]}}],"collection":[{"href":"https:\/\/chrs-test.uqam.ca\/index.php\/wp-json\/wp\/v2\/pages"}],"about":[{"href":"https:\/\/chrs-test.uqam.ca\/index.php\/wp-json\/wp\/v2\/types\/page"}],"author":[{"embeddable":true,"href":"https:\/\/chrs-test.uqam.ca\/index.php\/wp-json\/wp\/v2\/users\/2"}],"replies":[{"embeddable":true,"href":"https:\/\/chrs-test.uqam.ca\/index.php\/wp-json\/wp\/v2\/comments?post=164"}],"version-history":[{"count":0,"href":"https:\/\/chrs-test.uqam.ca\/index.php\/wp-json\/wp\/v2\/pages\/164\/revisions"}],"up":[{"embeddable":true,"href":"https:\/\/chrs-test.uqam.ca\/index.php\/wp-json\/wp\/v2\/pages\/65"}],"wp:attachment":[{"href":"https:\/\/chrs-test.uqam.ca\/index.php\/wp-json\/wp\/v2\/media?parent=164"}],"curies":[{"name":"wp","href":"https:\/\/api.w.org\/{rel}","templated":true}]}}