{"id":169,"date":"2017-01-26T22:48:07","date_gmt":"2017-01-26T21:48:07","guid":{"rendered":"http:\/\/chrs.cieq.ca\/?page_id=169"},"modified":"2022-02-04T11:56:28","modified_gmt":"2022-02-04T15:56:28","slug":"janice-harvey","status":"publish","type":"page","link":"https:\/\/chrs-test.uqam.ca\/index.php\/a-propos\/equipe\/membres-reguliers\/janice-harvey\/","title":{"rendered":"Janice Harvey"},"content":{"rendered":"<div class=\"su-row\"><div class=\"su-column su-column-size-1-5\"><div class=\"su-column-inner su-u-clearfix su-u-trim\"><img loading=\"lazy\" decoding=\"async\" class=\"alignleft size-thumbnail wp-image-170\" src=\"\/wp-content\/uploads\/2017\/01\/jharvey-120x150.jpeg\" alt=\"\" width=\"120\" height=\"150\" \/><\/div><\/div>\n<div class=\"su-column su-column-size-4-5\"><div class=\"su-column-inner su-u-clearfix su-u-trim\">1998 &#8211; Actuel<\/p>\n<p><strong>Professeure, Coll\u00e8ge Dawson<br \/>\nD\u00e9partement d&rsquo;histoire<\/strong><\/div><\/div><\/div>\n<p>Janice Harvey est historienne et professeure au d\u00e9partement d&rsquo;histoire du Coll\u00e8ge Dawson. Elle poss\u00e8de une expertise unique en mati\u00e8re d&rsquo;institutions charitables anglo-protestantes. Elle s&rsquo;int\u00e9resse principalement au r\u00f4le des femmes dans la mise en place et l&rsquo;administration des institutions d&rsquo;assistance. Plus particuli\u00e8rement, sa recherche porte sur les dimensions d&rsquo;aide aux enfants et aux familles d\u00e9munies et sur leur \u00e9volution.<\/p>\n<p><strong><a href=\"https:\/\/chrs-test.uqam.ca\/index.php\/recherche\/realisations\/publications\/?tgid=&amp;yr=&amp;type=&amp;usr=&amp;auth=325#tppubs\" target=\"_blank\" rel=\"noopener\">Liste des publications<\/a><\/strong><\/p>\n<div class=\"su-spoiler su-spoiler-style-default su-spoiler-icon-chevron su-spoiler-closed\" data-scroll-offset=\"0\" data-anchor-in-url=\"no\"><div class=\"su-spoiler-title\" tabindex=\"0\" role=\"button\"><span class=\"su-spoiler-icon\"><\/span>Coordonn\u00e9es<\/div><div class=\"su-spoiler-content su-u-clearfix su-u-trim\">\n<strong>Adresse :<\/strong><br \/>\nColl\u00e8ge Dawson<br \/>\nD\u00e9partement d&rsquo;histoire<br \/>\n3040 rue Sherbrooke Ouest<br \/>\nWestmount, Qu\u00e9bec<br \/>\nH3Z 1A4<\/p>\n<p><strong>T\u00e9l\u00e9phone : <\/strong><br \/>\n(514) 931-8731, poste 1801<\/p>\n<p><strong>Courriel : <\/strong><br \/>\njharvey@dawsoncollege.qc.ca<\/div><\/div>\n<div class=\"su-spoiler su-spoiler-style-default su-spoiler-icon-chevron su-spoiler-closed\" data-scroll-offset=\"0\" data-anchor-in-url=\"no\"><div class=\"su-spoiler-title\" tabindex=\"0\" role=\"button\"><span class=\"su-spoiler-icon\"><\/span>Liens<\/div><div class=\"su-spoiler-content su-u-clearfix su-u-trim\">\n<a href=\"https:\/\/chrs-test.uqam.ca\/index.php\/recherche\/realisations\/publications\/?tgid=&amp;yr=&amp;type=&amp;usr=&amp;auth=325#tppubs\" target=\"_blank\" rel=\"noopener\">Liste des publications de Janice Harvey<\/a><br \/>\n<\/div><\/div>\n<div class=\"su-spoiler su-spoiler-style-default su-spoiler-icon-chevron su-spoiler-closed\" data-scroll-offset=\"0\" data-anchor-in-url=\"no\"><div class=\"su-spoiler-title\" tabindex=\"0\" role=\"button\"><span class=\"su-spoiler-icon\"><\/span>Projets de recherche<\/div><div class=\"su-spoiler-content su-u-clearfix su-u-trim\">\n<a href=\"https:\/\/chrs-test.uqam.ca\/index.php\/regulations-sociales-et-familiales-dans-lhistoire-des-problemes-sociaux-au-quebec\/\">R\u00e9gulations sociales et familiales dans l&rsquo;histoire des probl\u00e8mes sociaux au Qu\u00e9bec<\/a><br \/>\n<a href=\"\/index.php\/recherche\/realisations\/projets-de-recherche-en-cours\/le-gouvernement-de-la-misere\/\" target=\"_blank\" rel=\"noopener\">Le gouvernement de la mis\u00e8re et la citoyennet\u00e9 : pauvret\u00e9, maladie et crime dans l&rsquo;histoire du Qu\u00e9bec<\/a><br \/>\n<a href=\"\/index.php\/recherche\/realisations\/projets-de-recherche-termines\/trajectoires-historiques-de-la-misere-a-montreal\/\" target=\"_blank\" rel=\"noopener\">Trajectoires historiques de la mis\u00e8re \u00e0 Montr\u00e9al, 1840-1921 : une radioscopie<\/a><br \/>\n<a href=\"\/index.php\/recherche\/realisations\/projets-de-recherche-termines\/la-mise-en-place-et-les-mutations-du-reseau-montrealais-de-regulation-sociale\/\" target=\"_blank\" rel=\"noopener\">La mise en place et les mutations du r\u00e9seau montr\u00e9alais de r\u00e9gulation sociale, de l\u2019\u00e8re lib\u00e9rale \u00e0 l\u2019\u00c9tat providence<\/a><br \/>\n<a href=\"\/index.php\/recherche\/realisations\/projets-de-recherche-termines\/une-economie-de-la-rarete\/\" target=\"_blank\" rel=\"noopener\">Une \u00e9conomie de la raret\u00e9 : la r\u00e9gulation sociale de la pauvret\u00e9 \u00e0 Montr\u00e9al, 1840-1921. R\u00e9ponses caritatives et populaires \u00e0 la vuln\u00e9rabilit\u00e9 sociale<\/a><br \/>\n<a href=\"\/index.php\/recherche\/realisations\/projets-de-recherche-termines\/lorganisation-de-lassistance-et-regulation-de-la-pauvrete-a-montreal\/\" target=\"_blank\" rel=\"noopener\">L\u2019organisation de l\u2019assistance et r\u00e9gulation de la pauvret\u00e9 \u00e0 Montr\u00e9al, 1840-1921<\/a><br \/>\n<a href=\"\/index.php\/recherche\/realisations\/projets-de-recherche-termines\/regulation-sociale-et-institutions-a-montreal\/\" target=\"_blank\" rel=\"noopener\">R\u00e9gulation sociale et institutions \u00e0 Montr\u00e9al, 1840-1921<\/a><br \/>\n<a href=\"\/index.php\/recherche\/realisations\/projets-de-recherche-termines\/gestion-des-risques-sociaux-et-reponses-aux-vulnerabilites\/\" target=\"_blank\" rel=\"noopener\">Gestion des risques sociaux et r\u00e9ponses aux vuln\u00e9rabilit\u00e9s et probl\u00e8mes sociaux au Qu\u00e9bec, 19e et 20e si\u00e8cles<\/a><br \/>\n<\/div><\/div>\n<div class=\"su-spoiler su-spoiler-style-default su-spoiler-icon-chevron\" data-scroll-offset=\"0\" data-anchor-in-url=\"no\"><div class=\"su-spoiler-title\" tabindex=\"0\" role=\"button\"><span class=\"su-spoiler-icon\"><\/span>Nouvelles<\/div><div class=\"su-spoiler-content su-u-clearfix su-u-trim\">\n[chrs-related]\n<\/div><\/div>\n","protected":false},"excerpt":{"rendered":"<p>Janice Harvey est historienne et professeure au d\u00e9partement d&rsquo;histoire du Coll\u00e8ge Dawson. Elle poss\u00e8de une expertise unique en mati\u00e8re d&rsquo;institutions charitables anglo-protestantes. Elle s&rsquo;int\u00e9resse principalement au r\u00f4le des femmes dans&#8230;<\/p>\n","protected":false},"author":2,"featured_media":0,"parent":65,"menu_order":8,"comment_status":"closed","ping_status":"closed","template":"","meta":{"_monsterinsights_skip_tracking":false,"_monsterinsights_sitenote_active":false,"_monsterinsights_sitenote_note":"","_monsterinsights_sitenote_category":0,"footnotes":""},"class_list":["post-169","page","type-page","status-publish","hentry"],"_links":{"self":[{"href":"https:\/\/chrs-test.uqam.ca\/index.php\/wp-json\/wp\/v2\/pages\/169","targetHints":{"allow":["GET"]}}],"collection":[{"href":"https:\/\/chrs-test.uqam.ca\/index.php\/wp-json\/wp\/v2\/pages"}],"about":[{"href":"https:\/\/chrs-test.uqam.ca\/index.php\/wp-json\/wp\/v2\/types\/page"}],"author":[{"embeddable":true,"href":"https:\/\/chrs-test.uqam.ca\/index.php\/wp-json\/wp\/v2\/users\/2"}],"replies":[{"embeddable":true,"href":"https:\/\/chrs-test.uqam.ca\/index.php\/wp-json\/wp\/v2\/comments?post=169"}],"version-history":[{"count":0,"href":"https:\/\/chrs-test.uqam.ca\/index.php\/wp-json\/wp\/v2\/pages\/169\/revisions"}],"up":[{"embeddable":true,"href":"https:\/\/chrs-test.uqam.ca\/index.php\/wp-json\/wp\/v2\/pages\/65"}],"wp:attachment":[{"href":"https:\/\/chrs-test.uqam.ca\/index.php\/wp-json\/wp\/v2\/media?parent=169"}],"curies":[{"name":"wp","href":"https:\/\/api.w.org\/{rel}","templated":true}]}}