{"id":184,"date":"2017-01-26T23:26:06","date_gmt":"2017-01-26T22:26:06","guid":{"rendered":"http:\/\/chrs.cieq.ca\/?page_id=184"},"modified":"2022-02-04T11:57:20","modified_gmt":"2022-02-04T15:57:20","slug":"isabelle-perreault","status":"publish","type":"page","link":"https:\/\/chrs-test.uqam.ca\/index.php\/a-propos\/equipe\/membres-reguliers\/isabelle-perreault\/","title":{"rendered":"Isabelle Perreault"},"content":{"rendered":"<div class=\"su-row\"><div class=\"su-column su-column-size-1-5\"><div class=\"su-column-inner su-u-clearfix su-u-trim\"><img loading=\"lazy\" decoding=\"async\" class=\"alignleft size-thumbnail wp-image-185\" src=\"\/wp-content\/uploads\/2017\/01\/Perreault_site-125x150.jpeg\" alt=\"\" width=\"125\" height=\"150\" \/><\/div><\/div>\n<div class=\"su-column su-column-size-4-5\"><div class=\"su-column-inner su-u-clearfix su-u-trim\">2012 &#8211; Actuel<\/p>\n<p><strong>Professeure agr\u00e9g\u00e9e<br \/>\nUniversit\u00e9 d&rsquo;Ottawa<\/strong><\/div><\/div><\/div>\n<p>Isabelle Perreault est professeure agr\u00e9g\u00e9e au d\u00e9partement de criminologie \u00e0 l\u2019Universit\u00e9 d\u2019Ottawa. Elle s&rsquo;int\u00e9resse aux processus d&rsquo;institutionnalisation et de d\u00e9sinstitutionnalisation psychiatrique de m\u00eame qu&rsquo;aux discours religieux, scientifiques et populaires sur la gestion des comportements vus comme relevant de la d\u00e9viance sociale, mentale et sexuelle au Canada fran\u00e7ais au cours du 20e si\u00e8cle. Elle dirige un axe au Centre interdisciplinaire de recherche sur la citoyennet\u00e9 et les minorit\u00e9s (CIRCEM) de l\u2019Universit\u00e9 d\u2019Ottawa. Cet axe intitul\u00e9 \u00ab\u00a0<a href=\"https:\/\/sciencessociales.uottawa.ca\/circem\/axes-recherche\/enjeux-biopolitiques-groupes-minorises\">Enjeux biopolitiques et groupes minoris\u00e9s<\/a>\u00a0\u00bb porte sur l\u2019\u00e9tude des biopolitiques canadiennes \u00e0 partir des traces retrouv\u00e9es en archives. Elle fait aussi partie du groupe de recherche <a href=\"https:\/\/sciencessociales.uottawa.ca\/suicide\/apropos\">Sociologie historique du suicide au Qu\u00e9bec (SHSQ)<\/a>.<\/p>\n<p><strong><a href=\"https:\/\/chrs-test.uqam.ca\/index.php\/recherche\/realisations\/publications\/?tgid=&amp;yr=&amp;type=&amp;usr=&amp;auth=15#tppubs\" target=\"_blank\" rel=\"noopener\">Liste des publications<\/a><\/strong><\/p>\n<div class=\"su-spoiler su-spoiler-style-default su-spoiler-icon-chevron su-spoiler-closed\" data-scroll-offset=\"0\" data-anchor-in-url=\"no\"><div class=\"su-spoiler-title\" tabindex=\"0\" role=\"button\"><span class=\"su-spoiler-icon\"><\/span>Coordonn\u00e9es<\/div><div class=\"su-spoiler-content su-u-clearfix su-u-trim\">\n<strong>Courriel : <\/strong><br \/>\niperreault@uottawa.ca <\/div><\/div>\n<div class=\"su-spoiler su-spoiler-style-default su-spoiler-icon-chevron su-spoiler-closed\" data-scroll-offset=\"0\" data-anchor-in-url=\"no\"><div class=\"su-spoiler-title\" tabindex=\"0\" role=\"button\"><span class=\"su-spoiler-icon\"><\/span>Liens<\/div><div class=\"su-spoiler-content su-u-clearfix su-u-trim\">\n<p><a href=\"https:\/\/uniweb.uottawa.ca\/?lang=fr#!\/members\/884\">Page personnelle sur le site de l&rsquo;Universit\u00e9 d&rsquo;Ottawa<\/a><br \/>\n<a href=\"https:\/\/uottawa.academia.edu\/IsabellePerreault\" target=\"_blank\" rel=\"noopener\">Page personnelle sur Academia.edu incluant un curriculum vitae<\/a><br \/>\n<a href=\"\/index.php\/recherche\/realisations\/publications\/?tgid=&amp;yr=&amp;type=&amp;usr=&amp;auth=15#tppubs\">Liste des publications d&rsquo;Isabelle Perreault<\/a><br \/>\n<\/div><\/div>\n<div class=\"su-spoiler su-spoiler-style-default su-spoiler-icon-chevron su-spoiler-closed\" data-scroll-offset=\"0\" data-anchor-in-url=\"no\"><div class=\"su-spoiler-title\" tabindex=\"0\" role=\"button\"><span class=\"su-spoiler-icon\"><\/span>Projets de recherche<\/div><div class=\"su-spoiler-content su-u-clearfix su-u-trim\">\n<p><a href=\"https:\/\/chrs-test.uqam.ca\/index.php\/regulations-sociales-et-familiales-dans-lhistoire-des-problemes-sociaux-au-quebec\/\">R\u00e9gulations sociales et familiales dans l\u2019histoire des probl\u00e8mes sociaux au Qu\u00e9bec<\/a><br \/>\nPlateforme R\u00e9gulation sociale du suicide au Qu\u00e9bec (RQSHA)<br \/>\nIllustrer le travail du coroner, du m\u00e9decin l\u00e9giste et de l\u2019historien : d\u00e9fis et enjeux de l\u2019histoire du geste suicidaire au Qu\u00e9bec depuis 250 ans.<br \/>\nDu droit \u00e0 disposer de son corps et de sa vie dans la loi criminelle canadienne de 1945 \u00e0 2015<br \/>\nCrime, blasph\u00e8me, folie ou libre choix : regards crois\u00e9s sur l&rsquo;interpr\u00e9tation et la prise en charge du geste suicidaire au Qu\u00e9bec de 1763 \u00e0 1972<br \/>\n<a href=\"\/index.php\/recherche\/realisations\/projets-de-recherche-termines\/dehospitalisation-psychiatrique-et-acces-aux-services-de-sante-mentale\/\" target=\"_blank\" rel=\"noopener\">D\u00e9hospitalisation psychiatrique et acc\u00e8s aux services de sant\u00e9 mentale. Regards crois\u00e9s Ontario-Qu\u00e9bec, 1950-2012<\/a><br \/>\n<\/div><\/div>\n<div class=\"su-spoiler su-spoiler-style-default su-spoiler-icon-chevron su-spoiler-closed\" data-scroll-offset=\"0\" data-anchor-in-url=\"no\"><div class=\"su-spoiler-title\" tabindex=\"0\" role=\"button\"><span class=\"su-spoiler-icon\"><\/span>Bourses, prix et distinctions<\/div><div class=\"su-spoiler-content su-u-clearfix su-u-trim\">\n<ul>\n<li style=\"list-style-type: none\">\n<ul>\n<li><span class=\"s1\">R\u00e9cipiendaire d\u2019une bourse postdoctorale du Conseil de recherche en sciences humaines du Canada (CRSHC) avec Viviane Namaste, titulaire de la Chaire VIH\/SIDA &#8211; sant\u00e9 sexuelle, Simone de Beauvoir Institute, Concordia University, Montr\u00e9al, Canada, 2011-2013<\/span><\/li>\n<li><span class=\"s1\">Chercheure invit\u00e9e &#8211; Banque de Montr\u00e9al, Institut d\u2019\u00e9tudes f\u00e9ministes et de genre, Universit\u00e9 d&rsquo;Ottawa, Ottawa, Canada, 2011-2012<\/span><\/li>\n<li><span class=\"s1\">R\u00e9cipiendaire du Top Up Award, Concordia University, Montr\u00e9al, Canada, 2011-2012<\/span><\/li>\n<\/ul>\n<\/li>\n<\/ul>\n<ul>\n<li class=\"p1\"><span class=\"s1\">R\u00e9cipiendaire d\u2019une bourse postdoctorale du Fonds de recherche du Qu\u00e9bec sur la soci\u00e9t\u00e9 et la culture (FRQSC) avec Elise Chenier, d\u00e9partement d\u2019histoire, Simon Fraser University, Vancouver, Canada, 2009-2011<\/span><\/li>\n<\/ul>\n<\/div><\/div>\n<div class=\"su-spoiler su-spoiler-style-default su-spoiler-icon-chevron\" data-scroll-offset=\"0\" data-anchor-in-url=\"no\"><div class=\"su-spoiler-title\" tabindex=\"0\" role=\"button\"><span class=\"su-spoiler-icon\"><\/span>Nouvelles<\/div><div class=\"su-spoiler-content su-u-clearfix su-u-trim\">\n[chrs-related]\n<\/div><\/div>\n","protected":false},"excerpt":{"rendered":"<p>Isabelle Perreault est professeure agr\u00e9g\u00e9e au d\u00e9partement de criminologie \u00e0 l\u2019Universit\u00e9 d\u2019Ottawa. Elle s&rsquo;int\u00e9resse aux processus d&rsquo;institutionnalisation et de d\u00e9sinstitutionnalisation psychiatrique de m\u00eame qu&rsquo;aux discours religieux, scientifiques et populaires sur&#8230;<\/p>\n","protected":false},"author":2,"featured_media":0,"parent":65,"menu_order":9,"comment_status":"closed","ping_status":"closed","template":"","meta":{"_monsterinsights_skip_tracking":false,"_monsterinsights_sitenote_active":false,"_monsterinsights_sitenote_note":"","_monsterinsights_sitenote_category":0,"footnotes":""},"class_list":["post-184","page","type-page","status-publish","hentry"],"_links":{"self":[{"href":"https:\/\/chrs-test.uqam.ca\/index.php\/wp-json\/wp\/v2\/pages\/184","targetHints":{"allow":["GET"]}}],"collection":[{"href":"https:\/\/chrs-test.uqam.ca\/index.php\/wp-json\/wp\/v2\/pages"}],"about":[{"href":"https:\/\/chrs-test.uqam.ca\/index.php\/wp-json\/wp\/v2\/types\/page"}],"author":[{"embeddable":true,"href":"https:\/\/chrs-test.uqam.ca\/index.php\/wp-json\/wp\/v2\/users\/2"}],"replies":[{"embeddable":true,"href":"https:\/\/chrs-test.uqam.ca\/index.php\/wp-json\/wp\/v2\/comments?post=184"}],"version-history":[{"count":0,"href":"https:\/\/chrs-test.uqam.ca\/index.php\/wp-json\/wp\/v2\/pages\/184\/revisions"}],"up":[{"embeddable":true,"href":"https:\/\/chrs-test.uqam.ca\/index.php\/wp-json\/wp\/v2\/pages\/65"}],"wp:attachment":[{"href":"https:\/\/chrs-test.uqam.ca\/index.php\/wp-json\/wp\/v2\/media?parent=184"}],"curies":[{"name":"wp","href":"https:\/\/api.w.org\/{rel}","templated":true}]}}