{"id":188,"date":"2017-01-26T23:34:33","date_gmt":"2017-01-26T22:34:33","guid":{"rendered":"http:\/\/chrs.cieq.ca\/?page_id=188"},"modified":"2022-02-04T11:44:21","modified_gmt":"2022-02-04T15:44:21","slug":"martin-petitclerc","status":"publish","type":"page","link":"https:\/\/chrs-test.uqam.ca\/index.php\/a-propos\/equipe\/membres-reguliers\/martin-petitclerc\/","title":{"rendered":"Martin Petitclerc"},"content":{"rendered":"<div class=\"su-row\"><div class=\"su-column su-column-size-1-5\"><div class=\"su-column-inner su-u-clearfix su-u-trim\"><img loading=\"lazy\" decoding=\"async\" class=\"alignleft wp-image-9697 size-full\" src=\"https:\/\/chrs-test.uqam.ca\/wp-content\/uploads\/2022\/02\/martin_petitclerc-1.jpg\" alt=\"\" width=\"371\" height=\"348\" srcset=\"https:\/\/chrs-test.uqam.ca\/wp-content\/uploads\/2022\/02\/martin_petitclerc-1.jpg 371w, https:\/\/chrs-test.uqam.ca\/wp-content\/uploads\/2022\/02\/martin_petitclerc-1-300x281.jpg 300w\" sizes=\"auto, (max-width: 371px) 100vw, 371px\" \/><\/div><\/div>\n<div class=\"su-column su-column-size-4-5\"><div class=\"su-column-inner su-u-clearfix su-u-trim\">2004 &#8211; Actuel<\/p>\n<p><strong>Directeur du CHRS<br \/>\nProfesseur titulaire, Universit\u00e9 du Qu\u00e9bec \u00e0 Montr\u00e9al<br \/>\nD\u00e9partement d&rsquo;histoire<\/strong><\/div><\/div><\/div>\n<p>Martin Petitclerc est professeur au D\u00e9partement d&rsquo;histoire de l&rsquo;Universit\u00e9 du Qu\u00e9bec \u00e0 Montr\u00e9al. Il s&rsquo;int\u00e9resse \u00e0 l&rsquo;histoire de l&rsquo;association, de la citoyennet\u00e9, de l&rsquo;\u00e9conomie sociale, des politiques sociales, des mouvements sociaux et de la classe ouvri\u00e8re.<\/p>\n<p>Martin Petitclerc est \u00e9galement membre du Centre interuniversitaire d&rsquo;\u00e9tudes qu\u00e9b\u00e9coises (CIEQ) et collaborateur au Laboratoire d&rsquo;histoire et de patrimoine de Montr\u00e9al (LHPM).<\/p>\n<p><a href=\"https:\/\/chrs-test.uqam.ca\/index.php\/recherche\/realisations\/publications\/?tgid=&amp;yr=&amp;type=&amp;usr=&amp;auth=260#tppubs\"><strong>Liste des publications<\/strong><\/a><\/p>\n<div class=\"su-spoiler su-spoiler-style-default su-spoiler-icon-chevron su-spoiler-closed\" data-scroll-offset=\"0\" data-anchor-in-url=\"no\"><div class=\"su-spoiler-title\" tabindex=\"0\" role=\"button\"><span class=\"su-spoiler-icon\"><\/span>Coordonn\u00e9es<\/div><div class=\"su-spoiler-content su-u-clearfix su-u-trim\">\n<strong>Adresse :<\/strong><br \/>\nUniversit\u00e9 du Qu\u00e9bec \u00e0 Montr\u00e9al<br \/>\nLocal: A-6210<br \/>\nD\u00e9partement d&rsquo;histoire<br \/>\nC.P. 8888, Succursale Centre Ville<br \/>\nMontr\u00e9al, Qu\u00e9bec<br \/>\nH3C 3P8<\/p>\n<p><strong>T\u00e9l\u00e9phone : <\/strong><br \/>\n514 987-3000 poste 8305<\/p>\n<p><strong>T\u00e9l\u00e9copieur : <\/strong><br \/>\n(514) 987-7813<\/p>\n<p><strong>Courriel : <\/strong><br \/>\npetitclerc.martin@uqam.ca<\/div><\/div>\n<div class=\"su-spoiler su-spoiler-style-default su-spoiler-icon-chevron su-spoiler-closed\" data-scroll-offset=\"0\" data-anchor-in-url=\"no\"><div class=\"su-spoiler-title\" tabindex=\"0\" role=\"button\"><span class=\"su-spoiler-icon\"><\/span>Liens<\/div><div class=\"su-spoiler-content su-u-clearfix su-u-trim\">\n<a href=\"https:\/\/histoire.uqam.ca\/corps-professoral\/professeurs\/professeurs-reguliers\/professeur\/petitclerc.martin\/\" target=\"_blank\" rel=\"noopener\">Page personnelle sur le site du d\u00e9partement d&rsquo;histoire de l&rsquo;UQAM<\/a><br \/>\n<a href=\"https:\/\/chrs-test.uqam.ca\/index.php\/recherche\/realisations\/publications\/?tgid=&amp;yr=&amp;type=&amp;usr=&amp;auth=260#tppubs\" target=\"_blank\" rel=\"noopener\">Liste des publications de Martin Petitclerc<\/a><br \/>\n<\/div><\/div>\n<div class=\"su-spoiler su-spoiler-style-default su-spoiler-icon-chevron su-spoiler-closed\" data-scroll-offset=\"0\" data-anchor-in-url=\"no\"><div class=\"su-spoiler-title\" tabindex=\"0\" role=\"button\"><span class=\"su-spoiler-icon\"><\/span>Projets de recherche<\/div><div class=\"su-spoiler-content su-u-clearfix su-u-trim\">\n<p><a href=\"https:\/\/chrs-test.uqam.ca\/index.php\/regulations-sociales-et-familiales-dans-lhistoire-des-problemes-sociaux-au-quebec\/\">R\u00e9gulations sociales et familiales dans l\u2019histoire des probl\u00e8mes sociaux au Qu\u00e9bec<\/a><br \/>\n<a href=\"\/index.php\/recherche\/realisations\/projets-de-recherche-termines\/analyse-historique-de-lacces-aux-services-hospitaliers-au-quebec\/\" target=\"_blank\" rel=\"noopener\">Analyse historique de l&rsquo;acc\u00e8s aux services hospitaliers au Qu\u00e9bec. Une g\u00e9n\u00e9alogie du droit \u00e0 la sant\u00e9<\/a><br \/>\n<a href=\"\/index.php\/recherche\/realisations\/projets-de-recherche-en-cours\/le-gouvernement-de-la-misere\/\" target=\"_blank\" rel=\"noopener\">Le gouvernement de la mis\u00e8re et la citoyennet\u00e9 : pauvret\u00e9, maladie et crime dans l&rsquo;histoire du Qu\u00e9bec<\/a><br \/>\n<a href=\"\/index.php\/recherche\/realisations\/projets-de-recherche-termines\/le-recours-aux-lois-speciales-et-le-droit-de-greve-depuis-1980-au-quebec\/\" target=\"_blank\" rel=\"noopener\">Le recours aux lois sp\u00e9ciales et le droit de gr\u00e8ve depuis 1980 au Qu\u00e9bec: une perspective historique<\/a><br \/>\n<a href=\"\/index.php\/recherche\/realisations\/projets-de-recherche-termines\/de-la-prevoyance-vertueuse-au-pouvoir-du-credit\/\" target=\"_blank\" rel=\"noopener\">De la pr\u00e9voyance vertueuse au pouvoir du cr\u00e9dit. Les origines sociales de la soci\u00e9t\u00e9 de consommation au Qu\u00e9bec, 1880-1960<\/a><br \/>\n<a href=\"\/index.php\/recherche\/realisations\/projets-de-recherche-termines\/une-economie-de-la-rarete\/\" target=\"_blank\" rel=\"noopener\">Une \u00e9conomie de la raret\u00e9 : la r\u00e9gulation sociale de la pauvret\u00e9 \u00e0 Montr\u00e9al, 1840-1921. R\u00e9ponses caritatives et populaires \u00e0 la vuln\u00e9rabilit\u00e9 sociale<\/a><br \/>\n<a href=\"\/index.php\/recherche\/realisations\/projets-de-recherche-en-cours\/lilot-saint-pierre-apotre\/\" target=\"_blank\" rel=\"noopener\">L&rsquo;\u00eelot Saint-Pierre Ap\u00f4tre : un h\u00e9ritage pour la communaut\u00e9<\/a><br \/>\n<a href=\"\/index.php\/recherche\/realisations\/projets-de-recherche-termines\/aux-origines-de-la-societe-du-risque\/\" target=\"_blank\" rel=\"noopener\">Aux origines de la soci\u00e9t\u00e9 du risque : les risques sociaux et les assurances sociales au Qu\u00e9bec et au Canada (1919-1945)<\/a><br \/>\n<a href=\"\/index.php\/recherche\/realisations\/projets-de-recherche-termines\/projet-dinfrastructure-laboratoire-danalyse-historique-des-regulations-sociales-lahrs\/\" target=\"_blank\" rel=\"noopener\">Projet d\u2019infrastructure : Laboratoire d\u2019analyse historique des r\u00e9gulations sociales (LAHRS)<\/a><br \/>\n<a href=\"\/index.php\/recherche\/realisations\/projets-de-recherche-termines\/gestion-des-risques-sociaux-et-reponses-aux-vulnerabilites\/\" target=\"_blank\" rel=\"noopener\">Gestion des risques sociaux et r\u00e9ponses aux vuln\u00e9rabilit\u00e9s et probl\u00e8mes sociaux au Qu\u00e9bec, 19e et 20e si\u00e8cles<\/a><br \/>\n<\/div><\/div>\n<div class=\"su-spoiler su-spoiler-style-default su-spoiler-icon-chevron su-spoiler-closed\" data-scroll-offset=\"0\" data-anchor-in-url=\"no\"><div class=\"su-spoiler-title\" tabindex=\"0\" role=\"button\"><span class=\"su-spoiler-icon\"><\/span>Bourses, prix et distinctions<\/div><div class=\"su-spoiler-content su-u-clearfix su-u-trim\">\n<ul>\n<li style=\"list-style-type: none;\">\n<ul>\n<li><span class=\"s1\">Prix Histoire G\u00e9rard-Parizeau 2018 (co-laur\u00e9at)\u00a0<\/span><\/li>\n<li><span class=\"s1\">Prix de l\u2019Assembl\u00e9e nationale du Qu\u00e9bec pour le meilleur livre d\u2019histoire politique paru en 2018\u00a0<\/span><\/li>\n<li>Prix Guy-et-Lilianne-Fr\u00e9gault de l\u2019Institut d\u2019histoire de l\u2019Am\u00e9rique fran\u00e7aise. Meilleur article de l\u2019ann\u00e9e publi\u00e9 dans la Revue d\u2019histoire de l\u2019Am\u00e9rique fran\u00e7aise (2013, vol. 65).<\/li>\n<li><span class=\"s1\">Prix Clio-Qu\u00e9bec, pour l&rsquo;essai \u00ab \u00ab\u00a0Nous prot\u00e9geons l&rsquo;infortune.\u00a0\u00bb Les origines populaires de l&rsquo;\u00e9conomie sociale au Qu\u00e9bec \u00bb, Soci\u00e9t\u00e9 historique du Canada, 2008<\/span><\/li>\n<li><span class=\"s1\">Prix Lionel-Groulx-Fondation-Yves-Saint-Germain, Institut d\u2019histoire de l\u2019Am\u00e9rique fran\u00e7aise, 2008<\/span><\/li>\n<li><span class=\"s1\">Troisi\u00e8me meilleure th\u00e8se au concours d\u2019excellence de l\u2019Association canadienne pour les \u00e9tudes sup\u00e9rieures (AC\u00c9S-UMI) dans la cat\u00e9gorie sciences humaines, 2005<\/span><\/li>\n<li><span class=\"s1\">Mention d\u2019honneur au concours de l\u2019Institut de recherche en \u00e9conomie contemporaine. Th\u00e8se de doctorat, 2005<\/span><\/li>\n<li><span class=\"s1\">Bourse postdoctorale &#8211; La protection sociale mutualiste au Qu\u00e9bec (1890-1940): une institution d\u2019\u00e9conomie sociale face aux nouveaux besoins de la population ouvri\u00e8re, 2004-2006<\/span><\/li>\n<\/ul>\n<\/li>\n<\/ul>\n<ul>\n<li style=\"list-style-type: none;\"><\/li>\n<\/ul>\n<\/div><\/div>\n<div class=\"su-spoiler su-spoiler-style-default su-spoiler-icon-chevron\" data-scroll-offset=\"0\" data-anchor-in-url=\"no\"><div class=\"su-spoiler-title\" tabindex=\"0\" role=\"button\"><span class=\"su-spoiler-icon\"><\/span>Nouvelles<\/div><div class=\"su-spoiler-content su-u-clearfix su-u-trim\">\n[chrs-related]\n<\/div><\/div>\n","protected":false},"excerpt":{"rendered":"<p>Martin Petitclerc est professeur au D\u00e9partement d&rsquo;histoire de l&rsquo;Universit\u00e9 du Qu\u00e9bec \u00e0 Montr\u00e9al. Il s&rsquo;int\u00e9resse \u00e0 l&rsquo;histoire de l&rsquo;association, de la citoyennet\u00e9, de l&rsquo;\u00e9conomie sociale, des politiques sociales, des mouvements&#8230;<\/p>\n","protected":false},"author":2,"featured_media":0,"parent":65,"menu_order":10,"comment_status":"closed","ping_status":"closed","template":"","meta":{"_monsterinsights_skip_tracking":false,"_monsterinsights_sitenote_active":false,"_monsterinsights_sitenote_note":"","_monsterinsights_sitenote_category":0,"footnotes":""},"class_list":["post-188","page","type-page","status-publish","hentry"],"_links":{"self":[{"href":"https:\/\/chrs-test.uqam.ca\/index.php\/wp-json\/wp\/v2\/pages\/188","targetHints":{"allow":["GET"]}}],"collection":[{"href":"https:\/\/chrs-test.uqam.ca\/index.php\/wp-json\/wp\/v2\/pages"}],"about":[{"href":"https:\/\/chrs-test.uqam.ca\/index.php\/wp-json\/wp\/v2\/types\/page"}],"author":[{"embeddable":true,"href":"https:\/\/chrs-test.uqam.ca\/index.php\/wp-json\/wp\/v2\/users\/2"}],"replies":[{"embeddable":true,"href":"https:\/\/chrs-test.uqam.ca\/index.php\/wp-json\/wp\/v2\/comments?post=188"}],"version-history":[{"count":0,"href":"https:\/\/chrs-test.uqam.ca\/index.php\/wp-json\/wp\/v2\/pages\/188\/revisions"}],"up":[{"embeddable":true,"href":"https:\/\/chrs-test.uqam.ca\/index.php\/wp-json\/wp\/v2\/pages\/65"}],"wp:attachment":[{"href":"https:\/\/chrs-test.uqam.ca\/index.php\/wp-json\/wp\/v2\/media?parent=188"}],"curies":[{"name":"wp","href":"https:\/\/api.w.org\/{rel}","templated":true}]}}