{"id":192,"date":"2017-01-26T23:40:16","date_gmt":"2017-01-26T22:40:16","guid":{"rendered":"http:\/\/chrs.cieq.ca\/?page_id=192"},"modified":"2022-02-04T11:58:09","modified_gmt":"2022-02-04T15:58:09","slug":"yvan-rousseau","status":"publish","type":"page","link":"https:\/\/chrs-test.uqam.ca\/index.php\/a-propos\/equipe\/membres-reguliers\/yvan-rousseau\/","title":{"rendered":"Yvan Rousseau"},"content":{"rendered":"<div class=\"su-row\"><div class=\"su-column su-column-size-1-5\"><div class=\"su-column-inner su-u-clearfix su-u-trim\"><img loading=\"lazy\" decoding=\"async\" class=\"alignleft size-thumbnail wp-image-193\" src=\"\/wp-content\/uploads\/2017\/01\/66-150x150.jpeg\" alt=\"\" width=\"150\" height=\"150\" \/><\/div><\/div>\n<div class=\"su-column su-column-size-4-5\"><div class=\"su-column-inner su-u-clearfix su-u-trim\">2012 &#8211; Actuel<\/p>\n<p><strong>Professeur titulaire, Universit\u00e9 du Qu\u00e9bec \u00e0 Trois-Rivi\u00e8res<br \/>D\u00e9partement de sciences humaines<\/strong><\/div><\/div><\/div>\n<p>Yvan Rousseau est professeur titulaire de sociologie historique au d\u00e9partement des sciences humaines de l&rsquo;Universit\u00e9 du Qu\u00e9bec \u00e0 Trois-Rivi\u00e8res (UQTR). Il est \u00e9galement membre du Centre interuniversitaire d&rsquo;\u00e9tudes qu\u00e9b\u00e9coises (CIEQ). Ses int\u00e9r\u00eats de recherche touchent la sociologie historique, les mouvements sociaux et l&rsquo;\u00c9tat au Qu\u00e9bec, les institutions et le changement social. Il a joint l&rsquo;\u00e9quipe CHRS en mai 2012.<\/p>\n<p><strong><a href=\"https:\/\/chrs-test.uqam.ca\/index.php\/recherche\/realisations\/publications\/?tgid=&amp;yr=&amp;type=&amp;usr=&amp;auth=37#tppubs\" target=\"_blank\" rel=\"noopener\">Liste des publications<\/a><\/strong><\/p>\n<div class=\"su-spoiler su-spoiler-style-default su-spoiler-icon-chevron su-spoiler-closed\" data-scroll-offset=\"0\" data-anchor-in-url=\"no\"><div class=\"su-spoiler-title\" tabindex=\"0\" role=\"button\"><span class=\"su-spoiler-icon\"><\/span>Coordonn\u00e9es<\/div><div class=\"su-spoiler-content su-u-clearfix su-u-trim\"><strong>Adresse :<\/strong><br \/>Universit\u00e9 du Qu\u00e9bec \u00e0 Trois-Rivi\u00e8res<br \/>3351, boulevard des Forges<br \/>C.P. 500<br \/>Trois-Rivi\u00e8res (Qu\u00e9bec)<br \/>G9A 5H7<\/p>\n<p><strong>T\u00e9l\u00e9phone : <\/strong><br \/>819-376-5011 poste 3687<\/p>\n<p><strong>T\u00e9l\u00e9copieur : <\/strong><br \/>819-376-5179<\/p>\n<p><strong>Courriel : <\/strong><br \/>yvan.rousseau@uqtr.ca <\/div><\/div>\n<div class=\"su-spoiler su-spoiler-style-default su-spoiler-icon-chevron su-spoiler-closed\" data-scroll-offset=\"0\" data-anchor-in-url=\"no\"><div class=\"su-spoiler-title\" tabindex=\"0\" role=\"button\"><span class=\"su-spoiler-icon\"><\/span>Liens<\/div><div class=\"su-spoiler-content su-u-clearfix su-u-trim\"><a href=\"https:\/\/oraprdnt.uqtr.uquebec.ca\/pls\/public\/botw001.afficher_fiche_personne?owa_no_personne=2040&amp;owa_type_personne=PERS&amp;owa_apercu=N\" target=\"_blank\" rel=\"noopener\">Page personnelle sur le site du d\u00e9partement de sciences humaines de l&rsquo;UQTR<\/a><br \/><a href=\"http:\/\/www.cieq.ca\/recherche.php?niv2=membres&amp;niv3=reguliers&amp;individu=66\" target=\"_blank\" rel=\"noopener\">Page personnelle sur le site du Centre interuniversitaire d&rsquo;\u00e9tudes qu\u00e9b\u00e9coises<br \/><\/a><a href=\"https:\/\/chrs-test.uqam.ca\/index.php\/recherche\/realisations\/publications\/?tgid=&amp;yr=&amp;type=&amp;usr=&amp;auth=37#tppubs\">Liste des publications d&rsquo;Yvan Rousseau<\/a><\/p>\n<\/div><\/div>\n<div class=\"su-spoiler su-spoiler-style-default su-spoiler-icon-chevron su-spoiler-closed\" data-scroll-offset=\"0\" data-anchor-in-url=\"no\"><div class=\"su-spoiler-title\" tabindex=\"0\" role=\"button\"><span class=\"su-spoiler-icon\"><\/span>Projets de recherche<\/div><div class=\"su-spoiler-content su-u-clearfix su-u-trim\">\n<p><a href=\"https:\/\/chrs-test.uqam.ca\/index.php\/lexperience-sociale-de-lurbanisation-en-milieu-regional-ressources-strategies-et-parcours-des-menages-1870-1920\/\">L&rsquo;exp\u00e9rience sociale de l&rsquo;urbanisation en milieu r\u00e9gional: ressources, strat\u00e9gies et parcours des m\u00e9nages (1870-1920)<\/a><br \/><a href=\"https:\/\/chrs-test.uqam.ca\/index.php\/entre-hospices-et-manoirs-de-lage-dor-le-bien-veillir-au-quebec-1921-1971\/\">Entre hospices et manoirs de l\u2019\u00e2ge d\u2019or : le bien vieillir au Qu\u00e9bec, 1921, 1971<\/a><br \/><a href=\"https:\/\/chrs-test.uqam.ca\/index.php\/regulations-sociales-et-familiales-dans-lhistoire-des-problemes-sociaux-au-quebec\/\" target=\"_blank\" rel=\"noopener\">R\u00e9gulations sociales et familiales dans l\u2019histoire des probl\u00e8mes sociaux au Qu\u00e9bec<\/a><br \/><a href=\"\/index.php\/recherche\/realisations\/projets-de-recherche-termines\/analyse-historique-de-lacces-aux-services-hospitaliers-au-quebec\/\" target=\"_blank\" rel=\"noopener\">Analyse historique de l&rsquo;acc\u00e8s aux services hospitaliers au Qu\u00e9bec. Une g\u00e9n\u00e9alogie du droit \u00e0 la sant\u00e9<\/a><br \/><a href=\"\/index.php\/recherche\/realisations\/projets-de-recherche-en-cours\/le-gouvernement-de-la-misere\/\" target=\"_blank\" rel=\"noopener\">Le gouvernement de la mis\u00e8re et la citoyennet\u00e9 : pauvret\u00e9, maladie et crime dans l&rsquo;histoire du Qu\u00e9bec<\/a><br \/><\/div><\/div>\n<div class=\"su-spoiler su-spoiler-style-default su-spoiler-icon-chevron\" data-scroll-offset=\"0\" data-anchor-in-url=\"no\"><div class=\"su-spoiler-title\" tabindex=\"0\" role=\"button\"><span class=\"su-spoiler-icon\"><\/span>Nouvelles<\/div><div class=\"su-spoiler-content su-u-clearfix su-u-trim\">[chrs-related]<\/div><\/div>\n\n\n<p><\/p>\n","protected":false},"excerpt":{"rendered":"<p>Yvan Rousseau est professeur titulaire de sociologie historique au d\u00e9partement des sciences humaines de l&rsquo;Universit\u00e9 du Qu\u00e9bec \u00e0 Trois-Rivi\u00e8res (UQTR). Il est \u00e9galement membre du Centre interuniversitaire d&rsquo;\u00e9tudes qu\u00e9b\u00e9coises (CIEQ)&#8230;.<\/p>\n","protected":false},"author":2,"featured_media":0,"parent":65,"menu_order":11,"comment_status":"closed","ping_status":"closed","template":"","meta":{"_monsterinsights_skip_tracking":false,"_monsterinsights_sitenote_active":false,"_monsterinsights_sitenote_note":"","_monsterinsights_sitenote_category":0,"footnotes":""},"class_list":["post-192","page","type-page","status-publish","hentry"],"_links":{"self":[{"href":"https:\/\/chrs-test.uqam.ca\/index.php\/wp-json\/wp\/v2\/pages\/192","targetHints":{"allow":["GET"]}}],"collection":[{"href":"https:\/\/chrs-test.uqam.ca\/index.php\/wp-json\/wp\/v2\/pages"}],"about":[{"href":"https:\/\/chrs-test.uqam.ca\/index.php\/wp-json\/wp\/v2\/types\/page"}],"author":[{"embeddable":true,"href":"https:\/\/chrs-test.uqam.ca\/index.php\/wp-json\/wp\/v2\/users\/2"}],"replies":[{"embeddable":true,"href":"https:\/\/chrs-test.uqam.ca\/index.php\/wp-json\/wp\/v2\/comments?post=192"}],"version-history":[{"count":0,"href":"https:\/\/chrs-test.uqam.ca\/index.php\/wp-json\/wp\/v2\/pages\/192\/revisions"}],"up":[{"embeddable":true,"href":"https:\/\/chrs-test.uqam.ca\/index.php\/wp-json\/wp\/v2\/pages\/65"}],"wp:attachment":[{"href":"https:\/\/chrs-test.uqam.ca\/index.php\/wp-json\/wp\/v2\/media?parent=192"}],"curies":[{"name":"wp","href":"https:\/\/api.w.org\/{rel}","templated":true}]}}