{"id":1982,"date":"2017-03-06T21:42:02","date_gmt":"2017-03-06T20:42:02","guid":{"rendered":"http:\/\/chrs.cieq.ca\/?page_id=1982"},"modified":"2017-05-03T14:29:39","modified_gmt":"2017-05-03T18:29:39","slug":"prix-michel-brunet","status":"publish","type":"page","link":"https:\/\/chrs-test.uqam.ca\/index.php\/prix-michel-brunet\/","title":{"rendered":"Prix Michel Brunet"},"content":{"rendered":"<p>Histoire de la folie au Qu\u00e9bec, 1600-1850<\/p>\n<p>R\u00e9cipiendaire : <a href=\"\/index.php\/a-propos\/equipe\/chercheurs-affilies\/andre-cellard\/\" target=\"_blank\">Andr\u00e9 Cellard<\/a><br \/>\nOrganisation : Institut d&rsquo;Histoire de l&rsquo;Am\u00e9rique fran\u00e7aise<br \/>\nAnn\u00e9e : 1991<\/p>\n","protected":false},"excerpt":{"rendered":"<p>Histoire de la folie au Qu\u00e9bec, 1600-1850 R\u00e9cipiendaire : Andr\u00e9 Cellard Organisation : Institut d&rsquo;Histoire de l&rsquo;Am\u00e9rique fran\u00e7aise Ann\u00e9e : 1991<\/p>\n","protected":false},"author":2,"featured_media":0,"parent":0,"menu_order":0,"comment_status":"closed","ping_status":"closed","template":"","meta":{"_monsterinsights_skip_tracking":false,"_monsterinsights_sitenote_active":false,"_monsterinsights_sitenote_note":"","_monsterinsights_sitenote_category":0,"footnotes":""},"class_list":["post-1982","page","type-page","status-publish","hentry"],"_links":{"self":[{"href":"https:\/\/chrs-test.uqam.ca\/index.php\/wp-json\/wp\/v2\/pages\/1982","targetHints":{"allow":["GET"]}}],"collection":[{"href":"https:\/\/chrs-test.uqam.ca\/index.php\/wp-json\/wp\/v2\/pages"}],"about":[{"href":"https:\/\/chrs-test.uqam.ca\/index.php\/wp-json\/wp\/v2\/types\/page"}],"author":[{"embeddable":true,"href":"https:\/\/chrs-test.uqam.ca\/index.php\/wp-json\/wp\/v2\/users\/2"}],"replies":[{"embeddable":true,"href":"https:\/\/chrs-test.uqam.ca\/index.php\/wp-json\/wp\/v2\/comments?post=1982"}],"version-history":[{"count":0,"href":"https:\/\/chrs-test.uqam.ca\/index.php\/wp-json\/wp\/v2\/pages\/1982\/revisions"}],"wp:attachment":[{"href":"https:\/\/chrs-test.uqam.ca\/index.php\/wp-json\/wp\/v2\/media?parent=1982"}],"curies":[{"name":"wp","href":"https:\/\/api.w.org\/{rel}","templated":true}]}}