{"id":2895,"date":"2017-09-01T13:55:57","date_gmt":"2017-09-01T17:55:57","guid":{"rendered":"https:\/\/chrs.dev.uqam.ca\/?page_id=2895"},"modified":"2022-02-04T11:47:00","modified_gmt":"2022-02-04T15:47:00","slug":"catherine-larochelle","status":"publish","type":"page","link":"https:\/\/chrs-test.uqam.ca\/index.php\/a-propos\/equipe\/membres-reguliers\/catherine-larochelle\/","title":{"rendered":"Catherine Larochelle"},"content":{"rendered":"<p class=\"alignnone\"><a href=\"https:\/\/chrs-test.uqam.ca\/wp-content\/uploads\/2017\/09\/catherine_larochelle-1.jpg\"><img loading=\"lazy\" decoding=\"async\" class=\"alignleft size-full wp-image-4464\" src=\"https:\/\/chrs-test.uqam.ca\/wp-content\/uploads\/2017\/09\/catherine_larochelle-1.jpg\" alt=\"\" width=\"150\" height=\"164\" \/><\/a>2018 &#8211; Actuel<\/p>\n<p><strong>Professeure, Universit\u00e9 de\u00a0Montr\u00e9al<br \/>\nD\u00e9partement d&rsquo;histoire<\/strong><\/p>\n<div>Les recherches de Catherine Larochelle s\u2019inscrivent en histoire culturelle et transnationale du Canada aux XIXe et au XXe si\u00e8cles. Dans sa th\u00e8se de doctorat intitul\u00e9e \u00ab\u00a0L&rsquo;apprentissage des Autres : la construction rh\u00e9torique et les usages p\u00e9dagogiques de l&rsquo;alt\u00e9rit\u00e9 \u00e0 l&rsquo;\u00e9cole qu\u00e9b\u00e9coise, 1830-1915\u00a0\u00bb, elle a explor\u00e9 les discours et les id\u00e9ologies imp\u00e9rialistes, racistes, orientalistes et genr\u00e9es en circulation dans le syst\u00e8me scolaire qu\u00e9b\u00e9cois aux XIXe et XXe si\u00e8cles. Sa nouvelle recherche porte sur l&rsquo;imaginaire imp\u00e9rial du Canada fran\u00e7ais dans la deuxi\u00e8me moiti\u00e9 du XIXe si\u00e8cle par l&rsquo;\u00e9tude de la figure du missionnaire \u00ab\u00a0h\u00e9ro\u00efque\u00a0\u00bb Albert Lacombe. Catherine est professeure adjointe au d\u00e9partement d&rsquo;histoire de l&rsquo;Universit\u00e9 de Montr\u00e9al et membre du comit\u00e9 \u00e9ditorial de la revue HistoireEngag\u00e9e.ca.<\/p>\n<div>Expertises de recherche :<\/div>\n<ul>\n<li>Histoire de l&rsquo;enfance et de la jeunesse; histoire de l\u2019\u00e9ducation<\/li>\n<li>Histoire de l&rsquo;orientalisme et de l&rsquo;imaginaire imp\u00e9rial du Qu\u00e9bec\/Canada<\/li>\n<li>Histoire coloniale du Canada; repr\u00e9sentation des groupes autochtones<\/li>\n<li>Histoire des th\u00e9ories de la race et du racisme<\/li>\n<li>Histoire du missionariat canadien-fran\u00e7ais au XIXe si\u00e8cle<\/li>\n<\/ul>\n<p><strong><a href=\"https:\/\/chrs-test.uqam.ca\/index.php\/recherche\/realisations\/publications\/?tgid=&amp;yr=&amp;type=&amp;usr=&amp;auth=620#tppubs\" target=\"_blank\" rel=\"noopener\">Liste des publications<\/a><\/strong><\/p>\n<div class=\"su-spoiler su-spoiler-style-default su-spoiler-icon-chevron su-spoiler-closed\" data-scroll-offset=\"0\" data-anchor-in-url=\"no\"><div class=\"su-spoiler-title\" tabindex=\"0\" role=\"button\"><span class=\"su-spoiler-icon\"><\/span>Coordonn\u00e9es<\/div><div class=\"su-spoiler-content su-u-clearfix su-u-trim\">\n<p><strong>Courriel : <\/strong><br \/>\n<a href=\"mailto:catherine.larochelle.1@umontreal.ca\" target=\"_blank\" rel=\"noopener\">catherine.larochelle.1@<wbr \/>umontreal.ca<\/a><\/p>\n<p><strong>Adresse:<\/strong><br \/>\nUniversit\u00e9 de Montr\u00e9al<br \/>\nFacult\u00e9 des arts et des sciences &#8211; D\u00e9partement d&rsquo;histoire<br \/>\nPavillon Lionel-Groulx,\u00a0\u00a0<span class=\"local\">local C-6101<\/span><br \/>\n<\/div><\/div>\n<div class=\"su-spoiler su-spoiler-style-default su-spoiler-icon-chevron su-spoiler-closed\" data-scroll-offset=\"0\" data-anchor-in-url=\"no\"><div class=\"su-spoiler-title\" tabindex=\"0\" role=\"button\"><span class=\"su-spoiler-icon\"><\/span>Projets de recherche<\/div><div class=\"su-spoiler-content su-u-clearfix su-u-trim\">\n<ul>\n<li><a href=\"https:\/\/chrs-test.uqam.ca\/index.php\/culture-colonialiste-euro-quebecoise-et-missions-catholiques-dans-louest-canadien-la-propagande-missionnaire-des-oblats-de-marie-immaculee-au-quebec-1841-1890\/\">Culture colonialiste euro-qu\u00e9b\u00e9coise et missions catholiques dans l\u2019Ouest canadien : la propagande missionnaire des Oblats de Marie-Immacul\u00e9e au Qu\u00e9bec (1841-1890)<\/a><\/li>\n<\/ul>\n<\/div><\/div>\n<div class=\"su-spoiler su-spoiler-style-default su-spoiler-icon-chevron su-spoiler-closed\" data-scroll-offset=\"0\" data-anchor-in-url=\"no\"><div class=\"su-spoiler-title\" tabindex=\"0\" role=\"button\"><span class=\"su-spoiler-icon\"><\/span>Bourses, prix et distinctions<\/div><div class=\"su-spoiler-content su-u-clearfix su-u-trim\">\n<ul>\n<li style=\"list-style-type: none;\">\n<ul>\n<li class=\"p1\"><span class=\"s1\">Bourse postdoctorale (d\u00e9clin\u00e9e),\u00a0Conseil de recherche en sciences humaines du Canada, 2018-2020<\/span><\/li>\n<\/ul>\n<\/li>\n<\/ul>\n<ul>\n<li style=\"list-style-type: none;\">\n<ul>\n<li class=\"p1\"><span class=\"s1\">Bourse postdoctorale (d\u00e9clin\u00e9e) Fonds de recherche Soci\u00e9t\u00e9 et culture, Qu\u00e9bec, 2018-2020<\/span><\/li>\n<\/ul>\n<\/li>\n<\/ul>\n<ul>\n<li style=\"list-style-type: none;\">\n<ul>\n<li class=\"p1\"><span class=\"s1\">Bourse de fin d\u2019\u00e9tudes doctorales,\u00a0Facult\u00e9 des \u00e9tudes sup\u00e9rieures et postdoctorales, Universit\u00e9 de Montr\u00e9al, 2017-2018<\/span><\/li>\n<\/ul>\n<\/li>\n<\/ul>\n<ul>\n<li style=\"list-style-type: none;\">\n<ul>\n<li class=\"p1\"><span class=\"s1\">Bourse d\u2019\u00e9tudes Desjardins (doctorat),\u00a0<i>Fondation Desjardins, <\/i>2016-2017<\/span><\/li>\n<\/ul>\n<\/li>\n<\/ul>\n<ul>\n<li style=\"list-style-type: none;\">\n<ul>\n<li class=\"p1\"><span class=\"s1\">Bourse d\u2019excellence \u00ab\u00a0Banque de Montr\u00e9al\u00a0\u00bb,\u00a0<i>Facult\u00e9 des \u00e9tudes sup\u00e9rieures et postdoctorales, Universit\u00e9 de Montr\u00e9al<\/i>, 2016<\/span><\/li>\n<\/ul>\n<\/li>\n<\/ul>\n<ul>\n<li class=\"p1\"><span class=\"s1\">Bourse d\u2019\u00e9tudes sup\u00e9rieures du Canada J.-A. Bombardier \u2013 Doctorat\u00a0<i>Conseil de recherche en sciences humaines du Canada<\/i>, 2013-2015<br \/>\n<\/div><\/div><\/span><\/li>\n<\/ul>\n<div class=\"su-spoiler su-spoiler-style-default su-spoiler-icon-chevron su-spoiler-closed\" data-scroll-offset=\"0\" data-anchor-in-url=\"no\"><div class=\"su-spoiler-title\" tabindex=\"0\" role=\"button\"><span class=\"su-spoiler-icon\"><\/span>Liens<\/div><div class=\"su-spoiler-content su-u-clearfix su-u-trim\">\n<a href=\"https:\/\/histoire.umontreal.ca\/repertoire-departement\/professeurs\/professeur\/in\/in29742\/sg\/Catherine%20Larochelle\/\" target=\"_blank\" rel=\"noopener\">Page personnelle de Catherine Larochelle sur le site du d\u00e9partement d\u2019histoire de l\u2019Universit\u00e9 de Montr\u00e9al\u00a0<\/a><br \/>\n<a href=\"https:\/\/umontreal.academia.edu\/CatherineLarochelle\" target=\"_blank\" rel=\"noopener\">Profil Academia de Catherine Larochelle<\/a><br \/>\n<\/div><\/div>\n<div class=\"su-spoiler su-spoiler-style-default su-spoiler-icon-chevron\" data-scroll-offset=\"0\" data-anchor-in-url=\"no\"><div class=\"su-spoiler-title\" tabindex=\"0\" role=\"button\"><span class=\"su-spoiler-icon\"><\/span>Nouvelles<\/div><div class=\"su-spoiler-content su-u-clearfix su-u-trim\">\n[chrs-related]\n<\/div><\/div>\n<\/div>\n","protected":false},"excerpt":{"rendered":"<p>2018 &#8211; Actuel Professeure, Universit\u00e9 de\u00a0Montr\u00e9al D\u00e9partement d&rsquo;histoire Les recherches de Catherine Larochelle s\u2019inscrivent en histoire culturelle et transnationale du Canada aux XIXe et au XXe si\u00e8cles. Dans sa th\u00e8se&#8230;<\/p>\n","protected":false},"author":2,"featured_media":0,"parent":65,"menu_order":0,"comment_status":"closed","ping_status":"closed","template":"","meta":{"_monsterinsights_skip_tracking":false,"_monsterinsights_sitenote_active":false,"_monsterinsights_sitenote_note":"","_monsterinsights_sitenote_category":0,"footnotes":""},"class_list":["post-2895","page","type-page","status-publish","hentry"],"_links":{"self":[{"href":"https:\/\/chrs-test.uqam.ca\/index.php\/wp-json\/wp\/v2\/pages\/2895","targetHints":{"allow":["GET"]}}],"collection":[{"href":"https:\/\/chrs-test.uqam.ca\/index.php\/wp-json\/wp\/v2\/pages"}],"about":[{"href":"https:\/\/chrs-test.uqam.ca\/index.php\/wp-json\/wp\/v2\/types\/page"}],"author":[{"embeddable":true,"href":"https:\/\/chrs-test.uqam.ca\/index.php\/wp-json\/wp\/v2\/users\/2"}],"replies":[{"embeddable":true,"href":"https:\/\/chrs-test.uqam.ca\/index.php\/wp-json\/wp\/v2\/comments?post=2895"}],"version-history":[{"count":0,"href":"https:\/\/chrs-test.uqam.ca\/index.php\/wp-json\/wp\/v2\/pages\/2895\/revisions"}],"up":[{"embeddable":true,"href":"https:\/\/chrs-test.uqam.ca\/index.php\/wp-json\/wp\/v2\/pages\/65"}],"wp:attachment":[{"href":"https:\/\/chrs-test.uqam.ca\/index.php\/wp-json\/wp\/v2\/media?parent=2895"}],"curies":[{"name":"wp","href":"https:\/\/api.w.org\/{rel}","templated":true}]}}