{"id":457,"date":"2017-02-02T00:56:46","date_gmt":"2017-02-01T23:56:46","guid":{"rendered":"http:\/\/chrs.cieq.ca\/?page_id=457"},"modified":"2023-01-03T18:13:17","modified_gmt":"2023-01-03T22:13:17","slug":"camille-robert","status":"publish","type":"page","link":"https:\/\/chrs-test.uqam.ca\/index.php\/a-propos\/equipe\/membres-etudiants\/camille-robert\/","title":{"rendered":"Camille Robert"},"content":{"rendered":"<div class=\"su-row\"><div class=\"su-column su-column-size-1-5\"><div class=\"su-column-inner su-u-clearfix su-u-trim\"><img loading=\"lazy\" decoding=\"async\" class=\"alignleft size-thumbnail wp-image-700\" src=\"https:\/\/chrs-test.uqam.ca\/wp-content\/uploads\/2018\/12\/crobert.jpg\" alt=\"\" width=\"150\" height=\"150\" \/><\/div><\/div>\n<div class=\"su-column su-column-size-4-5\"><div class=\"su-column-inner su-u-clearfix su-u-trim\">\n<strong>Universit\u00e9 du Qu\u00e9bec \u00e0 Montr\u00e9al<br \/>\nD\u00e9partement d&rsquo;histoire<\/strong><\/div><\/div><\/div>\n<p>Camille Robert est candidate au doctorat en histoire \u00e0 l\u2019Universit\u00e9 du Qu\u00e9bec \u00e0 Montr\u00e9al. Son projet de th\u00e8se, financ\u00e9 par une bourse d\u2019\u00e9tudes sup\u00e9rieures du Canada Vanier, vise \u00e0 comprendre comment les travailleuses de l&rsquo;\u00e9ducation et de la sant\u00e9 ont v\u00e9cu le tournant n\u00e9olib\u00e9ral de l&rsquo;\u00c9tat qu\u00e9b\u00e9cois dans les ann\u00e9es 1980. Dans le cadre de son m\u00e9moire de ma\u00eetrise, elle s\u2019est int\u00e9ress\u00e9e aux discours et aux mobilisations des f\u00e9ministes qu\u00e9b\u00e9coises pour la reconnaissance du travail m\u00e9nager. Ses recherches ont \u00e9t\u00e9 publi\u00e9es <a href=\"https:\/\/www.leslibraires.ca\/livres\/toutes-les-femmes-sont-d-abord-camille-robert-9782924606629.html\" target=\"_blank\" rel=\"noopener\">sous forme de livre aux \u00c9ditions Somme toute en 2017<\/a>. Elle a \u00e9galement codirig\u00e9 <a href=\"https:\/\/www.leslibraires.ca\/livres\/travail-invisible-portraits-d-une-lutte-9782890916357.html\" target=\"_blank\" rel=\"noopener\">un ouvrage collectif sur le travail invisible des femmes au Qu\u00e9bec, paru aux \u00c9ditions du remue-m\u00e9nage en 2018<\/a>. Depuis 2015, elle travaille \u00e0 titre d\u2019assistante de recherche au Centre d\u2019histoire des r\u00e9gulations sociales. Elle est \u00e9galement charg\u00e9e de cours, conf\u00e9renci\u00e8re et membre du comit\u00e9 \u00e9ditorial d&rsquo;<a href=\"http:\/\/histoireengagee.ca\/\" target=\"_blank\" rel=\"noopener\"><em>HistoireEngag\u00e9e.ca<\/em><\/a>.<\/p>\n<div class=\"su-spoiler su-spoiler-style-default su-spoiler-icon-chevron su-spoiler-closed\" data-scroll-offset=\"0\" data-anchor-in-url=\"no\"><div class=\"su-spoiler-title\" tabindex=\"0\" role=\"button\"><span class=\"su-spoiler-icon\"><\/span>Coordonn\u00e9es<\/div><div class=\"su-spoiler-content su-u-clearfix su-u-trim\">\n<p><strong>Courriel : <\/strong><br \/>\nrobert.camille@uqam.ca<\/div><\/div>\n<div class=\"su-spoiler su-spoiler-style-default su-spoiler-icon-chevron su-spoiler-closed\" data-scroll-offset=\"0\" data-anchor-in-url=\"no\"><div class=\"su-spoiler-title\" tabindex=\"0\" role=\"button\"><span class=\"su-spoiler-icon\"><\/span>Liens<\/div><div class=\"su-spoiler-content su-u-clearfix su-u-trim\">\n<p><a href=\"http:\/\/www.camille-robert.info\" target=\"_blank\" rel=\"noopener\">Page personnelle<\/a><br \/>\n<a href=\"https:\/\/uqam.academia.edu\/CamilleRobert\" target=\"_blank\" rel=\"noopener\">Profil Academia<\/a><br \/>\n<a href=\"https:\/\/www.camille-robert.info\/_files\/ugd\/2a9582_ea7856cc18934dbcbbf5c6e6302bbec2.pdf\">Curriculum vit\u00e6<\/a><br \/>\n<\/div><\/div>\n<div class=\"su-spoiler su-spoiler-style-default su-spoiler-icon-chevron su-spoiler-closed\" data-scroll-offset=\"0\" data-anchor-in-url=\"no\"><div class=\"su-spoiler-title\" tabindex=\"0\" role=\"button\"><span class=\"su-spoiler-icon\"><\/span>Th\u00e8se de doctorat<\/div><div class=\"su-spoiler-content su-u-clearfix su-u-trim\">\n<em>Les travailleuses de l&rsquo;\u00e9ducation et de la sant\u00e9 face au tournant n\u00e9olib\u00e9ral de l&rsquo;\u00c9tat qu\u00e9b\u00e9cois (1981-1989)<\/em>, UQAM<\/p>\n<p>Direction : <a href=\"\/index.php\/a-propos\/equipe\/membres-reguliers\/martin-petitclerc\/\" target=\"_blank\" rel=\"noopener\">Martin Petitclerc<\/a><\/p>\n<p>Co-direction : Magda Fahrni (UQAM)<\/p>\n<\/div><\/div>\n<div class=\"su-spoiler su-spoiler-style-default su-spoiler-icon-chevron su-spoiler-closed\" data-scroll-offset=\"0\" data-anchor-in-url=\"no\"><div class=\"su-spoiler-title\" tabindex=\"0\" role=\"button\"><span class=\"su-spoiler-icon\"><\/span>M\u00e9moire de ma\u00eetrise<\/div><div class=\"su-spoiler-content su-u-clearfix su-u-trim\">\n<em>\u00ab Toutes les femmes sont d&rsquo;abord m\u00e9nag\u00e8res \u00bb : Discours et mobilisations des f\u00e9ministes qu\u00e9b\u00e9coises autour du travail m\u00e9nager (1968-1985)<\/em>, 2016, UQAM<\/p>\n<p>Direction : <a href=\"\/index.php\/a-propos\/equipe\/membres-reguliers\/martin-petitclerc\/\" target=\"_blank\" rel=\"noopener\">Martin Petitclerc<\/a><\/p>\n<p>Co-direction : Marie-Pierre Boucher (UQO)<\/p>\n<\/div><\/div>\n<div class=\"su-spoiler su-spoiler-style-default su-spoiler-icon-chevron su-spoiler-closed\" data-scroll-offset=\"0\" data-anchor-in-url=\"no\"><div class=\"su-spoiler-title\" tabindex=\"0\" role=\"button\"><span class=\"su-spoiler-icon\"><\/span>Bourses, prix et distinctions<\/div><div class=\"su-spoiler-content su-u-clearfix su-u-trim\">\nBourse d\u2019\u00e9tudes sup\u00e9rieures du Canada Vanier, Conseil de recherches en sciences humaines<br \/>\n<span dir=\"ltr\" role=\"presentation\">Bourse Paul-Andr\u00e9-Linteau en histoire du Qu\u00e9bec<br \/>\nBourse d\u2019excellence de doctorat du R\u00e9seau qu\u00e9b\u00e9cois en \u00e9tudes f\u00e9ministes \u2013 UQAM<br \/>\nBourse d\u2019\u00e9tudes du Centre d\u2019histoire des r\u00e9gulations sociales \u2013 doctorat<br \/>\nBourse de doctorat de Biblioth\u00e8que et Archives nationales du Qu\u00e9bec<br \/>\n<\/span>Bourse d\u2019implication \u00e9tudiante de l\u2019UQAM, Prix Personnalit\u00e9 2e et 3e cycles<br \/>\nBourse d\u2019\u00e9tudes sup\u00e9rieures du Canada Joseph-Armand-Bombardier,\u00a0Conseil de recherches en sciences humaines (d\u00e9clin\u00e9e)<br \/>\nBourse doctorale Fonds de Recherche du Qu\u00e9bec &#8211; Soci\u00e9t\u00e9 et Culture (d\u00e9clin\u00e9e en 2018)<br \/>\nPrix Claude-Corbo en \u00e9tudes qu\u00e9b\u00e9coises, meilleur m\u00e9moire de ma\u00eetrise<br \/>\n10 jeunes auteurs \u00e0 surveiller en 2017 &#8211; <em>Plus on est de fous, plus on lit!<\/em> \/ ICI Radio-Canada Premi\u00e8re<br \/>\nEn lice pour le Prix des libraires du Qu\u00e9bec, cat\u00e9gorie Essai<br \/>\nPrix de la Fondation Jean-Charles-Bonenfant, 15e \u00e9dition des Prix du livre politique de l\u2019Assembl\u00e9e nationale<br \/>\nBourse de fin d&rsquo;\u00e9tudes de la Facult\u00e9 des sciences humaines<br \/>\nBourse d&rsquo;excellence de la Facult\u00e9 des sciences humaines<br \/>\nBourse Madeleine St-Martin en histoire canadienne ou qu\u00e9b\u00e9coise<br \/>\nBourse d&rsquo;\u00e9tudes du Centre d&rsquo;histoire des r\u00e9gulations sociales<br \/>\nBourse d&rsquo;\u00e9tudes du Syndicat des employ\u00e9(e)s professionnel(le)s et de bureau (SEPB)<br \/>\n<\/div><\/div>\n<div class=\"su-spoiler su-spoiler-style-default su-spoiler-icon-chevron\" data-scroll-offset=\"0\" data-anchor-in-url=\"no\"><div class=\"su-spoiler-title\" tabindex=\"0\" role=\"button\"><span class=\"su-spoiler-icon\"><\/span>Nouvelles<\/div><div class=\"su-spoiler-content su-u-clearfix su-u-trim\">\n[chrs-related]\n<\/div><\/div>\n","protected":false},"excerpt":{"rendered":"<p>Camille Robert est candidate au doctorat en histoire \u00e0 l\u2019Universit\u00e9 du Qu\u00e9bec \u00e0 Montr\u00e9al. Son projet de th\u00e8se, financ\u00e9 par une bourse d\u2019\u00e9tudes sup\u00e9rieures du Canada Vanier, vise \u00e0 comprendre&#8230;<\/p>\n","protected":false},"author":2,"featured_media":0,"parent":455,"menu_order":0,"comment_status":"closed","ping_status":"closed","template":"","meta":{"_monsterinsights_skip_tracking":false,"_monsterinsights_sitenote_active":false,"_monsterinsights_sitenote_note":"","_monsterinsights_sitenote_category":0,"footnotes":""},"class_list":["post-457","page","type-page","status-publish","hentry"],"_links":{"self":[{"href":"https:\/\/chrs-test.uqam.ca\/index.php\/wp-json\/wp\/v2\/pages\/457","targetHints":{"allow":["GET"]}}],"collection":[{"href":"https:\/\/chrs-test.uqam.ca\/index.php\/wp-json\/wp\/v2\/pages"}],"about":[{"href":"https:\/\/chrs-test.uqam.ca\/index.php\/wp-json\/wp\/v2\/types\/page"}],"author":[{"embeddable":true,"href":"https:\/\/chrs-test.uqam.ca\/index.php\/wp-json\/wp\/v2\/users\/2"}],"replies":[{"embeddable":true,"href":"https:\/\/chrs-test.uqam.ca\/index.php\/wp-json\/wp\/v2\/comments?post=457"}],"version-history":[{"count":0,"href":"https:\/\/chrs-test.uqam.ca\/index.php\/wp-json\/wp\/v2\/pages\/457\/revisions"}],"up":[{"embeddable":true,"href":"https:\/\/chrs-test.uqam.ca\/index.php\/wp-json\/wp\/v2\/pages\/455"}],"wp:attachment":[{"href":"https:\/\/chrs-test.uqam.ca\/index.php\/wp-json\/wp\/v2\/media?parent=457"}],"curies":[{"name":"wp","href":"https:\/\/api.w.org\/{rel}","templated":true}]}}