{"id":4573,"date":"2018-09-10T19:29:55","date_gmt":"2018-09-10T23:29:55","guid":{"rendered":"https:\/\/chrs.dev.uqam.ca\/?page_id=4573"},"modified":"2023-01-25T09:17:22","modified_gmt":"2023-01-25T13:17:22","slug":"veronika-brandl-mouton","status":"publish","type":"page","link":"https:\/\/chrs-test.uqam.ca\/index.php\/a-propos\/equipe\/membres-etudiants\/veronika-brandl-mouton\/","title":{"rendered":"V\u00e9ronika Brandl-Mouton"},"content":{"rendered":"<p><strong>Universit\u00e9 du Qu\u00e9bec \u00e0 Montr\u00e9al<br \/>\nD\u00e9partement d&rsquo;histoire<\/strong><\/p>\n<div class=\"su-column su-column-size-1-6\"><div class=\"su-column-inner su-u-clearfix su-u-trim\">\n<\/div><\/div>\n<div class=\"su-column su-column-size-4-6\"><div class=\"su-column-inner su-u-clearfix su-u-trim\"><\/div><\/div>\nV\u00e9ronika Brandl-Mouton est candidate \u00e0 la ma\u00eetrise en histoire \u00e0 l'Universit\u00e9 du Qu\u00e9bec \u00e0 Montr\u00e9al. Dans le cadre de son projet de m\u00e9moire de recherche, elle approfondit l\u2019histoire de la Cour des jeunes d\u00e9linquants de la ville de Qu\u00e9bec (1941-1950), sous la direction de Martin Petitclerc et la co-direction de Louise Bienvenue.<\/p>\n<div class=\"page\" title=\"Page 1\">\n<div class=\"section\">\n<div class=\"layoutArea\">\n<div class=\"column\">\n<p>L\u2019e\u0301tude de cette cour, active entre 1941 et 1950, contribuera aux connaissances sur l\u2019influence de l\u2019E\u0301tat dans l\u2019e\u0301volution des familles que\u0301be\u0301coises. Le but de la recherche est non seulement de re\u0301ve\u0301ler la campagne civique instituant ce tribunal et de d\u00e9tailler son organisation,\u00a0mais e\u0301galement de saisir les trajectoires sociales de la jeunesse f\u00e9minine juge\u0301e de\u0301linquante et leur famille<b>.<\/b><\/p>\n<p>V\u00e9ronika occupe aujourd'hui le poste de coordonnatrice, \u00e9ducation et sensibilisation, chez H\u00e9ritage Montr\u00e9al. Elle a auparavant collabor\u00e9 avec les \u00e9quipes du Laboratoire d'histoire et de patrimoine de Montr\u00e9al, du Bulletin d'histoire politique, de la Revue d'histoire de l'Am\u00e9rique fran\u00e7aise et de l'\u00c9comus\u00e9e du fier monde.<\/p>\n<\/div>\n<\/div>\n<\/div>\n<\/div>\n<div class=\"su-spoiler su-spoiler-style-default su-spoiler-icon-chevron su-spoiler-closed\" data-scroll-offset=\"0\" data-anchor-in-url=\"no\"><div class=\"su-spoiler-title\" tabindex=\"0\" role=\"button\"><span class=\"su-spoiler-icon\"><\/span>Coordonn\u00e9es<\/div><div class=\"su-spoiler-content su-u-clearfix su-u-trim\">\n<p><strong>Courriel :\u00a0<\/strong>vbrandl-mouton@heritagemontreal.org <\/div><\/div>\n<div class=\"su-spoiler su-spoiler-style-default su-spoiler-icon-chevron su-spoiler-closed\" data-scroll-offset=\"0\" data-anchor-in-url=\"no\"><div class=\"su-spoiler-title\" tabindex=\"0\" role=\"button\"><span class=\"su-spoiler-icon\"><\/span>Curriculum vitae <\/div><div class=\"su-spoiler-content su-u-clearfix su-u-trim\">\n<p>Curriculum vitae &#8211; mai 2022<\/p>\n<\/div><\/div>\n<div class=\"su-spoiler su-spoiler-style-default su-spoiler-icon-chevron su-spoiler-closed\" data-scroll-offset=\"0\" data-anchor-in-url=\"no\"><div class=\"su-spoiler-title\" tabindex=\"0\" role=\"button\"><span class=\"su-spoiler-icon\"><\/span>Bourses, prix et distinctions<\/div><div class=\"su-spoiler-content su-u-clearfix su-u-trim\">\n<p>Bourse de soutien \u00e0 la recherche de Biblioth\u00e8que et Archives nationales de Qu\u00e9bec 2019-2020<\/p>\n<p>Bourse du Fonds de recherche\u00a0du\u00a0Qu\u00e9bec\u00a0\u2013\u00a0Soci\u00e9t\u00e9\u00a0et culture (FRQSC) &#8211; niveau ma\u00eetrise 2019-2020<\/p>\n<p>Bourse Madeleine-St-Martin en histoire canadienne ou qu\u00e9b\u00e9coise 2019-2020<\/p>\n<p>Bourse de recherche du Centre d&rsquo;histoire des r\u00e9gulations sociales 2018-2019<\/p>\n<p>Bourse Frontenac du Fonds de recherche \u2013 Nature et technologies\u00a02018-2019<\/p>\n<p>Bourse de recrutement du D\u00e9partement d\u2019histoire de l\u2019UQAM 2018-2019<\/p>\n<p>Premier prix au colloque du premier cycle du D\u00e9partement d\u2019histoire\u00a0de l&rsquo;UQAM 2018<\/p>\n<p>Palmar\u00e8s de la doyenne de la facult\u00e9 des sciences humaines de l&rsquo;UQAM 2017<\/p>\n<p>M\u00e9daille du Lieutenant-gouverneur du Qu\u00e9bec pour la jeunesse 2011<\/p>\n<\/div><\/div>\n<div class=\"su-spoiler su-spoiler-style-default su-spoiler-icon-chevron\" data-scroll-offset=\"0\" data-anchor-in-url=\"no\"><div class=\"su-spoiler-title\" tabindex=\"0\" role=\"button\"><span class=\"su-spoiler-icon\"><\/span>Nouvelles<\/div><div class=\"su-spoiler-content su-u-clearfix su-u-trim\">\n[chrs-related]\n<\/div><\/div>\n","protected":false},"excerpt":{"rendered":"<p>Universit\u00e9 du Qu\u00e9bec \u00e0 Montr\u00e9al D\u00e9partement d&rsquo;histoire V\u00e9ronika Brandl-Mouton est candidate \u00e0 la ma\u00eetrise en histoire \u00e0 l&rsquo;Universit\u00e9 du Qu\u00e9bec \u00e0 Montr\u00e9al. Dans le cadre de son projet de m\u00e9moire&#8230;<\/p>\n","protected":false},"author":8,"featured_media":0,"parent":455,"menu_order":0,"comment_status":"closed","ping_status":"closed","template":"","meta":{"_monsterinsights_skip_tracking":false,"_monsterinsights_sitenote_active":false,"_monsterinsights_sitenote_note":"","_monsterinsights_sitenote_category":0,"footnotes":""},"class_list":["post-4573","page","type-page","status-publish","hentry"],"_links":{"self":[{"href":"https:\/\/chrs-test.uqam.ca\/index.php\/wp-json\/wp\/v2\/pages\/4573","targetHints":{"allow":["GET"]}}],"collection":[{"href":"https:\/\/chrs-test.uqam.ca\/index.php\/wp-json\/wp\/v2\/pages"}],"about":[{"href":"https:\/\/chrs-test.uqam.ca\/index.php\/wp-json\/wp\/v2\/types\/page"}],"author":[{"embeddable":true,"href":"https:\/\/chrs-test.uqam.ca\/index.php\/wp-json\/wp\/v2\/users\/8"}],"replies":[{"embeddable":true,"href":"https:\/\/chrs-test.uqam.ca\/index.php\/wp-json\/wp\/v2\/comments?post=4573"}],"version-history":[{"count":0,"href":"https:\/\/chrs-test.uqam.ca\/index.php\/wp-json\/wp\/v2\/pages\/4573\/revisions"}],"up":[{"embeddable":true,"href":"https:\/\/chrs-test.uqam.ca\/index.php\/wp-json\/wp\/v2\/pages\/455"}],"wp:attachment":[{"href":"https:\/\/chrs-test.uqam.ca\/index.php\/wp-json\/wp\/v2\/media?parent=4573"}],"curies":[{"name":"wp","href":"https:\/\/api.w.org\/{rel}","templated":true}]}}