{"id":695,"date":"2017-02-04T22:35:41","date_gmt":"2017-02-04T21:35:41","guid":{"rendered":"http:\/\/chrs.cieq.ca\/?page_id=695"},"modified":"2019-10-03T14:49:55","modified_gmt":"2019-10-03T18:49:55","slug":"caroline-robert","status":"publish","type":"page","link":"https:\/\/chrs-test.uqam.ca\/index.php\/a-propos\/equipe\/membres-etudiants\/caroline-robert\/","title":{"rendered":"Caroline Robert"},"content":{"rendered":"<p><strong>Universit\u00e9 du Qu\u00e9bec \u00e0 Montr\u00e9al<br \/>\nD\u00e9partement d\u2019histoire<\/strong><\/p>\n<p><a href=\"https:\/\/chrs-test.uqam.ca\/wp-content\/uploads\/2019\/10\/credit_photo_alexandre_rouette_2019.jpg\"><img loading=\"lazy\" decoding=\"async\" class=\"alignleft wp-image-6081 \" src=\"https:\/\/chrs-test.uqam.ca\/wp-content\/uploads\/2019\/10\/credit_photo_alexandre_rouette_2019.jpg\" alt=\"\" width=\"142\" height=\"213\" srcset=\"https:\/\/chrs-test.uqam.ca\/wp-content\/uploads\/2019\/10\/credit_photo_alexandre_rouette_2019.jpg 500w, https:\/\/chrs-test.uqam.ca\/wp-content\/uploads\/2019\/10\/credit_photo_alexandre_rouette_2019-200x300.jpg 200w\" sizes=\"auto, (max-width: 142px) 100vw, 142px\" \/><\/a>Caroline Robert est candidate\u00a0au doctorat\u00a0en histoire \u00e0 l&rsquo;UQAM. Ses int\u00e9r\u00eats de recherches portent sur la r\u00e9gulation de l\u2019alcool et les constructions identitaires associ\u00e9es aux pratiques du boire au Qu\u00e9bec du 19e si\u00e8cle et 20e si\u00e8cle. Elle est l&rsquo;auteure de l&rsquo;article \u00ab Les femmes et l\u2019alcool au tournant du 20e si\u00e8cle : Consommation, repr\u00e9sentations et actions durant le second mouvement de temp\u00e9rance au Qu\u00e9bec \u00bb, paru dans la revue <em>Le Manuscrit<\/em> \u00e0 l&rsquo;hiver 2017. \u00c0 l&rsquo;automne 2018, elle termine son m\u00e9moire\u00a0\u00a0<i>\u00ab\u00a0\u00c0 qui la faute ?\u00a0\u00bb\u00a0: Le second mouvement de temp\u00e9rance et l\u2019\u00c9tat au Qu\u00e9bec (1870-1922).<\/i><\/p>\n<div class=\"su-spoiler su-spoiler-style-default su-spoiler-icon-chevron su-spoiler-closed\" data-scroll-offset=\"0\" data-anchor-in-url=\"no\"><div class=\"su-spoiler-title\" tabindex=\"0\" role=\"button\"><span class=\"su-spoiler-icon\"><\/span>Coordonn\u00e9es<\/div><div class=\"su-spoiler-content su-u-clearfix su-u-trim\">\n<p>Courriel\u00a0 : robertcaroline88@gmail.com<\/p>\n<\/div><\/div>\n<div class=\"su-spoiler su-spoiler-style-default su-spoiler-icon-chevron su-spoiler-closed\" data-scroll-offset=\"0\" data-anchor-in-url=\"no\"><div class=\"su-spoiler-title\" tabindex=\"0\" role=\"button\"><span class=\"su-spoiler-icon\"><\/span>Curriculum vitae<\/div><div class=\"su-spoiler-content su-u-clearfix su-u-trim\">\n<p><a href=\"https:\/\/chrs-test.uqam.ca\/wp-content\/uploads\/2019\/05\/ROBERT_caroline_CV.pdf\">Curriculum vitae<\/a><\/p>\n<\/div><\/div>\n<div class=\"su-spoiler su-spoiler-style-default su-spoiler-icon-chevron su-spoiler-closed\" data-scroll-offset=\"0\" data-anchor-in-url=\"no\"><div class=\"su-spoiler-title\" tabindex=\"0\" role=\"button\"><span class=\"su-spoiler-icon\"><\/span>Bourses, prix et distinctions<\/div><div class=\"su-spoiler-content su-u-clearfix su-u-trim\">\n<p>Bourse de recherche du Centre d&rsquo;histoire des r\u00e9gulations sociales &#8211; niveau doctoral 2018-2019<\/p>\n<p>Bourse de recherche de la Fondation de BAnQ &#8211; niveau doctoral 2018-2019<\/p>\n<p>Bourses d&rsquo;excellence de la Facult\u00e9 des sciences humaines 2016-2017<\/p>\n<\/div><\/div>\n<div class=\"su-spoiler su-spoiler-style-default su-spoiler-icon-chevron\" data-scroll-offset=\"0\" data-anchor-in-url=\"no\"><div class=\"su-spoiler-title\" tabindex=\"0\" role=\"button\"><span class=\"su-spoiler-icon\"><\/span>Nouvelles<\/div><div class=\"su-spoiler-content su-u-clearfix su-u-trim\">\n[chrs-related]\n<\/div><\/div>\n","protected":false},"excerpt":{"rendered":"<p>Universit\u00e9 du Qu\u00e9bec \u00e0 Montr\u00e9al D\u00e9partement d\u2019histoire Caroline Robert est candidate\u00a0au doctorat\u00a0en histoire \u00e0 l&rsquo;UQAM. Ses int\u00e9r\u00eats de recherches portent sur la r\u00e9gulation de l\u2019alcool et les constructions identitaires associ\u00e9es&#8230;<\/p>\n","protected":false},"author":2,"featured_media":0,"parent":455,"menu_order":0,"comment_status":"closed","ping_status":"closed","template":"","meta":{"_monsterinsights_skip_tracking":false,"_monsterinsights_sitenote_active":false,"_monsterinsights_sitenote_note":"","_monsterinsights_sitenote_category":0,"footnotes":""},"class_list":["post-695","page","type-page","status-publish","hentry"],"_links":{"self":[{"href":"https:\/\/chrs-test.uqam.ca\/index.php\/wp-json\/wp\/v2\/pages\/695","targetHints":{"allow":["GET"]}}],"collection":[{"href":"https:\/\/chrs-test.uqam.ca\/index.php\/wp-json\/wp\/v2\/pages"}],"about":[{"href":"https:\/\/chrs-test.uqam.ca\/index.php\/wp-json\/wp\/v2\/types\/page"}],"author":[{"embeddable":true,"href":"https:\/\/chrs-test.uqam.ca\/index.php\/wp-json\/wp\/v2\/users\/2"}],"replies":[{"embeddable":true,"href":"https:\/\/chrs-test.uqam.ca\/index.php\/wp-json\/wp\/v2\/comments?post=695"}],"version-history":[{"count":0,"href":"https:\/\/chrs-test.uqam.ca\/index.php\/wp-json\/wp\/v2\/pages\/695\/revisions"}],"up":[{"embeddable":true,"href":"https:\/\/chrs-test.uqam.ca\/index.php\/wp-json\/wp\/v2\/pages\/455"}],"wp:attachment":[{"href":"https:\/\/chrs-test.uqam.ca\/index.php\/wp-json\/wp\/v2\/media?parent=695"}],"curies":[{"name":"wp","href":"https:\/\/api.w.org\/{rel}","templated":true}]}}