{"id":697,"date":"2017-02-04T22:36:00","date_gmt":"2017-02-04T21:36:00","guid":{"rendered":"http:\/\/chrs.cieq.ca\/?page_id=697"},"modified":"2020-05-28T14:17:47","modified_gmt":"2020-05-28T18:17:47","slug":"martin-robert","status":"publish","type":"page","link":"https:\/\/chrs-test.uqam.ca\/index.php\/a-propos\/equipe\/chercheurs-affilies\/martin-robert\/","title":{"rendered":"Martin Robert"},"content":{"rendered":"<p><strong>Research Fellow in the History of Medicine | Junior Research Fellow<\/strong><br \/>\n<strong>Universit\u00e9 d&rsquo;Oxford<br \/>\n<\/strong><\/p>\n<p>Martin Robert (Ph. D. Histoire) m\u00e8ne pr\u00e9sentement des recherches postdoctorales au\u00a0<i>Oxford C<\/i><em>entre for the History of Science, Medicine, and Technology<\/em>. Il est \u00e9galement Junior Research Fellow au Wolfson College d&rsquo;Oxford. Dans le cadre de ses \u00e9tudes, il analyse comment un enseignement m\u00e9dical de type europ\u00e9en s\u2019est institu\u00e9 au Canada et en Inde, apr\u00e8s leur int\u00e9gration \u00e0 l\u2019Empire britannique entre 1763 et 1845.\u00a0Cette recherche se propose de rendre visibles, par la comparaison des situations canadienne et indienne, les dynamiques globales qui posaient les conditions d\u2019acc\u00e8s \u00e0 la profession m\u00e9dicale dans l\u2019Empire.<\/p>\n<p><a href=\"https:\/\/www.hsmt.ox.ac.uk\/people\/dr-martin-robert\">Page personnelle sur le site du <em>Oxford<\/em>\u00a0<em>Centre for the History of Science, Medicine, and Technology<\/em><\/a><\/p>\n<p>\u00c0 l&rsquo;automne 2019, il a soutenu avec succ\u00e8s sa th\u00e8se en histoire\u00a0 \u00ab La fabrique du corps m\u00e9dical. Dissections humaines et formation m\u00e9dicale dans le Qu\u00e9bec du XIXe si\u00e8cle \u00bb sous la codirection de Martin Petitclerc (Universit\u00e9 du Qu\u00e9bec \u00e0 Montr\u00e9al) et de Rafael Mandressi (Centre Alexandre-Koyr\u00e9 d\u2019histoire des sciences, CNRS-Paris). Il a par ailleurs compl\u00e9t\u00e9 en 2014 un m\u00e9moire de ma\u00eetrise sur la naissance de la cr\u00e9mation au Qu\u00e9bec.<\/p>\n<div class=\"su-spoiler su-spoiler-style-default su-spoiler-icon-chevron su-spoiler-closed\" data-scroll-offset=\"0\" data-anchor-in-url=\"no\"><div class=\"su-spoiler-title\" tabindex=\"0\" role=\"button\"><span class=\"su-spoiler-icon\"><\/span>Liens<\/div><div class=\"su-spoiler-content su-u-clearfix su-u-trim\">\n<a href=\"http:\/\/www.archipel.uqam.ca\/7193\/\" target=\"_blank\" rel=\"noopener\">M\u00e9moire de Martin Robert sur Archipel<\/a><br \/>\n<\/div><\/div>\n<div class=\"su-spoiler su-spoiler-style-default su-spoiler-icon-chevron su-spoiler-closed\" data-scroll-offset=\"0\" data-anchor-in-url=\"no\"><div class=\"su-spoiler-title\" tabindex=\"0\" role=\"button\"><span class=\"su-spoiler-icon\"><\/span>Th\u00e8se de doctorat<\/div><div class=\"su-spoiler-content su-u-clearfix su-u-trim\">\n<p><em>La fabrique du corps m\u00e9dical. Dissections humaines et formation m\u00e9dicale dans le Qu\u00e9bec du XIXe si\u00e8cle<\/em><\/p>\n<p><em><br \/>\n<\/em>Direction : <a href=\"\/index.php\/a-propos\/equipe\/membres-reguliers\/martin-petitclerc\/\" target=\"_blank\" rel=\"noopener\">Martin Petitclerc\u00a0<\/a>(Universit\u00e9 du Qu\u00e9bec \u00e0 Montr\u00e9al)<br \/>\nCo-direction : Rafael Mandressi (Centre Alexandre-Koyr\u00e9 d\u2019histoire des sciences, CNRS-Paris)<\/p>\n<ul>\n<li style=\"list-style-type: none;\">\n<ul><\/div><\/div><\/ul>\n<\/li>\n<\/ul>\n<div class=\"su-spoiler su-spoiler-style-default su-spoiler-icon-chevron su-spoiler-closed\" data-scroll-offset=\"0\" data-anchor-in-url=\"no\"><div class=\"su-spoiler-title\" tabindex=\"0\" role=\"button\"><span class=\"su-spoiler-icon\"><\/span>M\u00e9moire de ma\u00eetrise<\/div><div class=\"su-spoiler-content su-u-clearfix su-u-trim\">\n<p><span class=\"person_name\">Robert, Martin<\/span>\u00a0(2015). \u00abDisposer de son cadavre : la naissance de la cr\u00e9mation au Qu\u00e9bec (1874-1914)\u00bb M\u00e9moire. Montr\u00e9al (Qu\u00e9bec, Canada), Universit\u00e9 du Qu\u00e9bec \u00e0 Montr\u00e9al, Ma\u00eetrise en histoire.<\/p>\n<p>Direction : <a href=\"\/index.php\/a-propos\/equipe\/membres-reguliers\/martin-petitclerc\/\" target=\"_blank\" rel=\"noopener\">Martin Petitclerc\u00a0<\/a>(Universit\u00e9 du Qu\u00e9bec \u00e0 Montr\u00e9al)<\/p>\n<ul>\n<li style=\"list-style-type: none;\"><\/li>\n<\/ul>\n<ul>\n<li style=\"list-style-type: none;\">\n<ul>\n<li style=\"list-style-type: none;\">\n<ul><\/div><\/div><\/ul>\n<\/li>\n<\/ul>\n<\/li>\n<\/ul>\n<div class=\"su-spoiler su-spoiler-style-default su-spoiler-icon-chevron\" data-scroll-offset=\"0\" data-anchor-in-url=\"no\"><div class=\"su-spoiler-title\" tabindex=\"0\" role=\"button\"><span class=\"su-spoiler-icon\"><\/span>Nouvelles<\/div><div class=\"su-spoiler-content su-u-clearfix su-u-trim\">\n[chrs-related]\n<\/div><\/div>\n","protected":false},"excerpt":{"rendered":"<p>Research Fellow in the History of Medicine | Junior Research Fellow Universit\u00e9 d&rsquo;Oxford Martin Robert (Ph. D. Histoire) m\u00e8ne pr\u00e9sentement des recherches postdoctorales au\u00a0Oxford Centre for the History of Science,&#8230;<\/p>\n","protected":false},"author":2,"featured_media":0,"parent":67,"menu_order":0,"comment_status":"closed","ping_status":"closed","template":"","meta":{"_monsterinsights_skip_tracking":false,"_monsterinsights_sitenote_active":false,"_monsterinsights_sitenote_note":"","_monsterinsights_sitenote_category":0,"footnotes":""},"class_list":["post-697","page","type-page","status-publish","hentry"],"_links":{"self":[{"href":"https:\/\/chrs-test.uqam.ca\/index.php\/wp-json\/wp\/v2\/pages\/697","targetHints":{"allow":["GET"]}}],"collection":[{"href":"https:\/\/chrs-test.uqam.ca\/index.php\/wp-json\/wp\/v2\/pages"}],"about":[{"href":"https:\/\/chrs-test.uqam.ca\/index.php\/wp-json\/wp\/v2\/types\/page"}],"author":[{"embeddable":true,"href":"https:\/\/chrs-test.uqam.ca\/index.php\/wp-json\/wp\/v2\/users\/2"}],"replies":[{"embeddable":true,"href":"https:\/\/chrs-test.uqam.ca\/index.php\/wp-json\/wp\/v2\/comments?post=697"}],"version-history":[{"count":0,"href":"https:\/\/chrs-test.uqam.ca\/index.php\/wp-json\/wp\/v2\/pages\/697\/revisions"}],"up":[{"embeddable":true,"href":"https:\/\/chrs-test.uqam.ca\/index.php\/wp-json\/wp\/v2\/pages\/67"}],"wp:attachment":[{"href":"https:\/\/chrs-test.uqam.ca\/index.php\/wp-json\/wp\/v2\/media?parent=697"}],"curies":[{"name":"wp","href":"https:\/\/api.w.org\/{rel}","templated":true}]}}